{"id":308,"date":"2020-06-22T11:34:07","date_gmt":"2020-06-22T09:34:07","guid":{"rendered":"https:\/\/echtewerbung.de\/groja\/?page_id=308"},"modified":"2020-11-05T14:32:51","modified_gmt":"2020-11-05T13:32:51","slug":"produkte","status":"publish","type":"page","link":"https:\/\/echtewerbung.de\/groja\/produkte\/","title":{"rendered":"Produkte"},"content":{"rendered":"\t\t<div data-elementor-type=\"wp-page\" data-elementor-id=\"308\" class=\"elementor elementor-308\" data-elementor-settings=\"[]\">\n\t\t\t\t\t\t<div class=\"elementor-inner\">\n\t\t\t\t\t\t\t<div class=\"elementor-section-wrap\">\n\t\t\t\t\t\t\t<section class=\"elementor-section elementor-top-section elementor-element elementor-element-1a66946 elementor-section-full_width elementor-section-height-default elementor-section-height-default\" data-id=\"1a66946\" data-element_type=\"section\">\n\t\t\t\t\t\t<div class=\"elementor-container elementor-column-gap-no\">\n\t\t\t\t\t\t\t<div class=\"elementor-row\">\n\t\t\t\t\t<div class=\"elementor-column elementor-col-100 elementor-top-column elementor-element elementor-element-15081f0\" data-id=\"15081f0\" data-element_type=\"column\">\n\t\t\t<div class=\"elementor-column-wrap elementor-element-populated\">\n\t\t\t\t\t\t\t<div class=\"elementor-widget-wrap\">\n\t\t\t\t\t\t<div class=\"elementor-element elementor-element-7726faa elementor-pagination-position-outside sliderstart elementor--h-position-center elementor--v-position-middle elementor-widget elementor-widget-slides\" data-id=\"7726faa\" data-element_type=\"widget\" data-settings=\"{&quot;navigation&quot;:&quot;dots&quot;,&quot;infinite&quot;:&quot;yes&quot;,&quot;transition&quot;:&quot;slide&quot;,&quot;transition_speed&quot;:500}\" data-widget_type=\"slides.default\">\n\t\t\t\t<div class=\"elementor-widget-container\">\n\t\t\t\t\t<div class=\"elementor-swiper\">\n\t\t\t<div class=\"elementor-slides-wrapper elementor-main-swiper swiper-container\" dir=\"ltr\" data-animation=\"\">\n\t\t\t\t<div class=\"swiper-wrapper elementor-slides\">\n\t\t\t\t\t\t\t\t\t\t<div class=\"elementor-repeater-item-0137e79 swiper-slide\"><div class=\"swiper-slide-bg\"><\/div><a class=\"swiper-slide-inner\" href=\"\/produkte\/grojagarden\"><div class=\"swiper-slide-contents\"><div class=\"elementor-slide-heading\"><span class=\"slidetitle\">GroJa<\/span>Garden<i><\/i><\/div><div class=\"elementor-slide-description\">Vielfalt f\u00fcr Ihre<br>\nGartentr\u00e4ume.<\/div><div  class=\"elementor-button elementor-slide-button elementor-size-sm\">mehr erfahren<\/div><\/div><\/a><\/div><div class=\"elementor-repeater-item-2f8fc36 swiper-slide\"><div class=\"swiper-slide-bg\"><\/div><a class=\"swiper-slide-inner\" href=\"\/produkte\/grojaprofiles\"><div class=\"swiper-slide-contents\"><div class=\"elementor-slide-heading\"><span class=\"slidetitle\">GroJa<\/span>Profiles<i><\/i><\/div><div class=\"elementor-slide-description\">Vielfalt f\u00fcr Ihre<br>\nHausfassade.<\/div><div  class=\"elementor-button elementor-slide-button elementor-size-sm\">mehr erfahren<\/div><\/div><\/a><\/div><div class=\"elementor-repeater-item-3801cfa swiper-slide\"><div class=\"swiper-slide-bg\"><\/div><a class=\"swiper-slide-inner\" href=\"\/produkte\/grojaprotect\"><div class=\"swiper-slide-contents\"><div class=\"elementor-slide-heading\"><span class=\"slidetitle\">GroJa<\/span>Protect<i><\/i><\/div><div class=\"elementor-slide-description\">Ma\u00dfgefertigter Schutz<br>\nf\u00fcr Ihr Zuhause.<\/div><div  class=\"elementor-button elementor-slide-button elementor-size-sm\">mehr erfahren<\/div><\/div><\/a><\/div><div class=\"elementor-repeater-item-61e9d42 swiper-slide\"><div class=\"swiper-slide-bg\"><\/div><a class=\"swiper-slide-inner\" href=\"\/produkte\/grojatechnics\"><div class=\"swiper-slide-contents\"><div class=\"elementor-slide-heading\"><span class=\"slidetitle\">GroJa<\/span>Technics<i><\/i><\/div><div class=\"elementor-slide-description\">Individuelle Produktion<br>\nvon Profilen.<\/div><div  class=\"elementor-button elementor-slide-button elementor-size-sm\">mehr erfahren<\/div><\/div><\/a><\/div>\t\t\t\t<\/div>\n\t\t\t\t\t\t\t\t\t\t\t\t\t\t\t<div class=\"swiper-pagination\"><\/div>\n\t\t\t\t\t\t\t\t\t\t\t\t\t\t\t\t\t<\/div>\n\t\t<\/div>\n\t\t\t\t<\/div>\n\t\t\t\t<\/div>\n\t\t\t\t\t\t<\/div>\n\t\t\t\t\t<\/div>\n\t\t<\/div>\n\t\t\t\t\t\t\t\t<\/div>\n\t\t\t\t\t<\/div>\n\t\t<\/section>\n\t\t\t\t<section class=\"elementor-section elementor-top-section elementor-element elementor-element-57dc267 elementor-section-boxed elementor-section-height-default elementor-section-height-default\" data-id=\"57dc267\" data-element_type=\"section\">\n\t\t\t\t\t\t<div class=\"elementor-container elementor-column-gap-no\">\n\t\t\t\t\t\t\t<div class=\"elementor-row\">\n\t\t\t\t\t<div class=\"elementor-column elementor-col-100 elementor-top-column elementor-element elementor-element-27228e92\" data-id=\"27228e92\" data-element_type=\"column\">\n\t\t\t<div class=\"elementor-column-wrap elementor-element-populated\">\n\t\t\t\t\t\t\t<div class=\"elementor-widget-wrap\">\n\t\t\t\t\t\t<div class=\"elementor-element elementor-element-12760b51 elementor-align-left elementor-widget elementor-widget-breadcrumbs\" data-id=\"12760b51\" data-element_type=\"widget\" data-widget_type=\"breadcrumbs.default\">\n\t\t\t\t<div class=\"elementor-widget-container\">\n\t\t\t<span id=\"breadcrumbs\"><span><span><a href=\"https:\/\/echtewerbung.de\/groja\/\">Startseite<\/a><\/span><\/span>\t\t<\/div>\n\t\t\t\t<\/div>\n\t\t\t\t\t\t<\/div>\n\t\t\t\t\t<\/div>\n\t\t<\/div>\n\t\t\t\t\t\t\t\t<\/div>\n\t\t\t\t\t<\/div>\n\t\t<\/section>\n\t\t\t\t<section class=\"elementor-section elementor-top-section elementor-element elementor-element-3e31813 elementor-section-boxed elementor-section-height-default elementor-section-height-default\" data-id=\"3e31813\" data-element_type=\"section\">\n\t\t\t\t\t\t<div class=\"elementor-container elementor-column-gap-wider\">\n\t\t\t\t\t\t\t<div class=\"elementor-row\">\n\t\t\t\t\t<div class=\"elementor-column elementor-col-100 elementor-top-column elementor-element elementor-element-5faf242\" data-id=\"5faf242\" data-element_type=\"column\">\n\t\t\t<div class=\"elementor-column-wrap elementor-element-populated\">\n\t\t\t\t\t\t\t<div class=\"elementor-widget-wrap\">\n\t\t\t\t\t\t<div class=\"elementor-element elementor-element-e1efcc3 elementor-widget elementor-widget-heading\" data-id=\"e1efcc3\" data-element_type=\"widget\" data-widget_type=\"heading.default\">\n\t\t\t\t<div class=\"elementor-widget-container\">\n\t\t\t<h3 class=\"elementor-heading-title elementor-size-default\">Drei Bereiche<\/h3>\t\t<\/div>\n\t\t\t\t<\/div>\n\t\t\t\t<div class=\"elementor-element elementor-element-932461d elementor-widget elementor-widget-heading\" data-id=\"932461d\" data-element_type=\"widget\" data-widget_type=\"heading.default\">\n\t\t\t\t<div class=\"elementor-widget-container\">\n\t\t\t<h1 class=\"elementor-heading-title elementor-size-default\">Die GroJa Produktvielfalt<\/h1>\t\t<\/div>\n\t\t\t\t<\/div>\n\t\t\t\t<div class=\"elementor-element elementor-element-02078bb elementor-widget elementor-widget-text-editor\" data-id=\"02078bb\" data-element_type=\"widget\" data-widget_type=\"text-editor.default\">\n\t\t\t\t<div class=\"elementor-widget-container\">\n\t\t\t\t\t\t\t\t<div class=\"elementor-text-editor elementor-clearfix\">\n\t\t\t\tGutes noch besser machen \u2013 in unserer Produktentwicklung\narbeiten wir stetig an neuen Innovationen f\u00fcr Haus und Garten.\nMithilfe von durchdachten Details und einer ansprechenden\nOptik orientieren wir uns dabei eng an Ihren W\u00fcnschen und\nden Bed\u00fcrfnissen der Endverbraucher. Zahlreiche patentierte\nSysteme aus dem Hause GroJa \u00fcberzeugen bereits seit \u00fcber 60\nJahren auf dem Markt und schaffen durch Ihre pflegeleichten\nEigenschaften mehr Lebensqualit\u00e4t.\t\t\t\t\t<\/div>\n\t\t\t\t\t\t<\/div>\n\t\t\t\t<\/div>\n\t\t\t\t\t\t<\/div>\n\t\t\t\t\t<\/div>\n\t\t<\/div>\n\t\t\t\t\t\t\t\t<\/div>\n\t\t\t\t\t<\/div>\n\t\t<\/section>\n\t\t\t\t<section class=\"elementor-section elementor-top-section elementor-element elementor-element-3111980 elementor-section-boxed elementor-section-height-default elementor-section-height-default\" data-id=\"3111980\" data-element_type=\"section\" data-settings=\"{&quot;background_background&quot;:&quot;classic&quot;}\">\n\t\t\t\t\t\t\t<div class=\"elementor-background-overlay\"><\/div>\n\t\t\t\t\t\t\t<div class=\"elementor-container elementor-column-gap-wider\">\n\t\t\t\t\t\t\t<div class=\"elementor-row\">\n\t\t\t\t\t<div class=\"elementor-column elementor-col-100 elementor-top-column elementor-element elementor-element-8ba994f\" data-id=\"8ba994f\" data-element_type=\"column\">\n\t\t\t<div class=\"elementor-column-wrap\">\n\t\t\t\t\t\t\t<div class=\"elementor-widget-wrap\">\n\t\t\t\t\t\t\t\t<\/div>\n\t\t\t\t\t<\/div>\n\t\t<\/div>\n\t\t\t\t\t\t\t\t<\/div>\n\t\t\t\t\t<\/div>\n\t\t<\/section>\n\t\t\t\t<section class=\"elementor-section elementor-top-section elementor-element elementor-element-a3b2d2b elementor-section-boxed elementor-section-height-default elementor-section-height-default\" data-id=\"a3b2d2b\" data-element_type=\"section\">\n\t\t\t\t\t\t<div class=\"elementor-container elementor-column-gap-wider\">\n\t\t\t\t\t\t\t<div class=\"elementor-row\">\n\t\t\t\t\t<div class=\"elementor-column elementor-col-25 elementor-top-column elementor-element elementor-element-b0b5569\" data-id=\"b0b5569\" data-element_type=\"column\">\n\t\t\t<div class=\"elementor-column-wrap elementor-element-populated\">\n\t\t\t\t\t\t\t<div class=\"elementor-widget-wrap\">\n\t\t\t\t\t\t<div class=\"elementor-element elementor-element-6d9844e elementor-widget elementor-widget-image\" data-id=\"6d9844e\" data-element_type=\"widget\" data-widget_type=\"image.default\">\n\t\t\t\t<div class=\"elementor-widget-container\">\n\t\t\t\t\t\t\t\t<div class=\"elementor-image\">\n\t\t\t\t\t\t\t\t\t\t\t\t\t<a href=\"\/produkte\/grojagarden\">\n\t\t\t\t\t\t\t<img width=\"500\" height=\"500\" src=\"https:\/\/echtewerbung.de\/groja\/wp-content\/uploads\/2020\/06\/groja-btc-produkte-sichtschutz-terrassendielen-vorgartenzaeune-500x500.png\" class=\"attachment-custom-portfolio-size size-custom-portfolio-size\" alt=\"GroJa Produkte Sichtschutz Terassendielen Vorgartenz\u00e4une\" loading=\"lazy\" srcset=\"https:\/\/echtewerbung.de\/groja\/wp-content\/uploads\/2020\/06\/groja-btc-produkte-sichtschutz-terrassendielen-vorgartenzaeune-500x500.png 500w, https:\/\/echtewerbung.de\/groja\/wp-content\/uploads\/2020\/06\/groja-btc-produkte-sichtschutz-terrassendielen-vorgartenzaeune-300x300.png 300w, https:\/\/echtewerbung.de\/groja\/wp-content\/uploads\/2020\/06\/groja-btc-produkte-sichtschutz-terrassendielen-vorgartenzaeune-150x150.png 150w, https:\/\/echtewerbung.de\/groja\/wp-content\/uploads\/2020\/06\/groja-btc-produkte-sichtschutz-terrassendielen-vorgartenzaeune-768x768.png 768w, https:\/\/echtewerbung.de\/groja\/wp-content\/uploads\/2020\/06\/groja-btc-produkte-sichtschutz-terrassendielen-vorgartenzaeune.png 770w\" sizes=\"(max-width: 500px) 100vw, 500px\" \/>\t\t\t\t\t\t\t\t<\/a>\n\t\t\t\t\t\t\t\t\t\t\t\t\t\t<\/div>\n\t\t\t\t\t\t<\/div>\n\t\t\t\t<\/div>\n\t\t\t\t\t\t<\/div>\n\t\t\t\t\t<\/div>\n\t\t<\/div>\n\t\t\t\t<div class=\"elementor-column elementor-col-25 elementor-top-column elementor-element elementor-element-786261b\" data-id=\"786261b\" data-element_type=\"column\">\n\t\t\t<div class=\"elementor-column-wrap elementor-element-populated\">\n\t\t\t\t\t\t\t<div class=\"elementor-widget-wrap\">\n\t\t\t\t\t\t<div class=\"elementor-element elementor-element-9614a4e elementor-widget elementor-widget-image\" data-id=\"9614a4e\" data-element_type=\"widget\" data-widget_type=\"image.default\">\n\t\t\t\t<div class=\"elementor-widget-container\">\n\t\t\t\t\t\t\t\t<div class=\"elementor-image\">\n\t\t\t\t\t\t\t\t\t\t\t\t\t<a href=\"\/produkte\/grojaprofiles\">\n\t\t\t\t\t\t\t<img width=\"500\" height=\"500\" src=\"https:\/\/echtewerbung.de\/groja\/wp-content\/uploads\/2020\/06\/groja-btc-produkte-dach-wandprofile-leisten-profile-500x500.png\" class=\"attachment-custom-portfolio-size size-custom-portfolio-size\" alt=\"GroJa Produkte Dach- und Wandprofile Leisten und Profile\" loading=\"lazy\" srcset=\"https:\/\/echtewerbung.de\/groja\/wp-content\/uploads\/2020\/06\/groja-btc-produkte-dach-wandprofile-leisten-profile-500x500.png 500w, https:\/\/echtewerbung.de\/groja\/wp-content\/uploads\/2020\/06\/groja-btc-produkte-dach-wandprofile-leisten-profile-300x300.png 300w, https:\/\/echtewerbung.de\/groja\/wp-content\/uploads\/2020\/06\/groja-btc-produkte-dach-wandprofile-leisten-profile-150x150.png 150w, https:\/\/echtewerbung.de\/groja\/wp-content\/uploads\/2020\/06\/groja-btc-produkte-dach-wandprofile-leisten-profile-768x768.png 768w, https:\/\/echtewerbung.de\/groja\/wp-content\/uploads\/2020\/06\/groja-btc-produkte-dach-wandprofile-leisten-profile.png 770w\" sizes=\"(max-width: 500px) 100vw, 500px\" \/>\t\t\t\t\t\t\t\t<\/a>\n\t\t\t\t\t\t\t\t\t\t\t\t\t\t<\/div>\n\t\t\t\t\t\t<\/div>\n\t\t\t\t<\/div>\n\t\t\t\t\t\t<\/div>\n\t\t\t\t\t<\/div>\n\t\t<\/div>\n\t\t\t\t<div class=\"elementor-column elementor-col-25 elementor-top-column elementor-element elementor-element-e2471c7\" data-id=\"e2471c7\" data-element_type=\"column\">\n\t\t\t<div class=\"elementor-column-wrap elementor-element-populated\">\n\t\t\t\t\t\t\t<div class=\"elementor-widget-wrap\">\n\t\t\t\t\t\t<div class=\"elementor-element elementor-element-118cd9e elementor-widget elementor-widget-image\" data-id=\"118cd9e\" data-element_type=\"widget\" data-widget_type=\"image.default\">\n\t\t\t\t<div class=\"elementor-widget-container\">\n\t\t\t\t\t\t\t\t<div class=\"elementor-image\">\n\t\t\t\t\t\t\t\t\t\t\t\t\t<a href=\"\/produkte\/grojaprotect\">\n\t\t\t\t\t\t\t<img width=\"500\" height=\"500\" src=\"https:\/\/echtewerbung.de\/groja\/wp-content\/uploads\/2020\/11\/groja-protect-rollaeden-insektenschutz-klappladen-500x500.png\" class=\"attachment-custom-portfolio-size size-custom-portfolio-size\" alt=\"\" loading=\"lazy\" srcset=\"https:\/\/echtewerbung.de\/groja\/wp-content\/uploads\/2020\/11\/groja-protect-rollaeden-insektenschutz-klappladen-500x500.png 500w, https:\/\/echtewerbung.de\/groja\/wp-content\/uploads\/2020\/11\/groja-protect-rollaeden-insektenschutz-klappladen-300x300.png 300w, https:\/\/echtewerbung.de\/groja\/wp-content\/uploads\/2020\/11\/groja-protect-rollaeden-insektenschutz-klappladen-150x150.png 150w, https:\/\/echtewerbung.de\/groja\/wp-content\/uploads\/2020\/11\/groja-protect-rollaeden-insektenschutz-klappladen-768x768.png 768w, https:\/\/echtewerbung.de\/groja\/wp-content\/uploads\/2020\/11\/groja-protect-rollaeden-insektenschutz-klappladen.png 770w\" sizes=\"(max-width: 500px) 100vw, 500px\" \/>\t\t\t\t\t\t\t\t<\/a>\n\t\t\t\t\t\t\t\t\t\t\t\t\t\t<\/div>\n\t\t\t\t\t\t<\/div>\n\t\t\t\t<\/div>\n\t\t\t\t\t\t<\/div>\n\t\t\t\t\t<\/div>\n\t\t<\/div>\n\t\t\t\t<div class=\"elementor-column elementor-col-25 elementor-top-column elementor-element elementor-element-fb07040\" data-id=\"fb07040\" data-element_type=\"column\">\n\t\t\t<div class=\"elementor-column-wrap elementor-element-populated\">\n\t\t\t\t\t\t\t<div class=\"elementor-widget-wrap\">\n\t\t\t\t\t\t<div class=\"elementor-element elementor-element-6c2f017 elementor-widget elementor-widget-image\" data-id=\"6c2f017\" data-element_type=\"widget\" data-widget_type=\"image.default\">\n\t\t\t\t<div class=\"elementor-widget-container\">\n\t\t\t\t\t\t\t\t<div class=\"elementor-image\">\n\t\t\t\t\t\t\t\t\t\t\t\t\t<a href=\"\/produkte\/grojatechnics\">\n\t\t\t\t\t\t\t<img width=\"500\" height=\"500\" src=\"https:\/\/echtewerbung.de\/groja\/wp-content\/uploads\/2020\/10\/groja-btc-produkte-veredelung-von-profilen-500x500.png\" class=\"attachment-custom-portfolio-size size-custom-portfolio-size\" alt=\"\" loading=\"lazy\" srcset=\"https:\/\/echtewerbung.de\/groja\/wp-content\/uploads\/2020\/10\/groja-btc-produkte-veredelung-von-profilen-500x500.png 500w, https:\/\/echtewerbung.de\/groja\/wp-content\/uploads\/2020\/10\/groja-btc-produkte-veredelung-von-profilen-300x300.png 300w, https:\/\/echtewerbung.de\/groja\/wp-content\/uploads\/2020\/10\/groja-btc-produkte-veredelung-von-profilen-150x150.png 150w, https:\/\/echtewerbung.de\/groja\/wp-content\/uploads\/2020\/10\/groja-btc-produkte-veredelung-von-profilen-768x768.png 768w, https:\/\/echtewerbung.de\/groja\/wp-content\/uploads\/2020\/10\/groja-btc-produkte-veredelung-von-profilen.png 770w\" sizes=\"(max-width: 500px) 100vw, 500px\" \/>\t\t\t\t\t\t\t\t<\/a>\n\t\t\t\t\t\t\t\t\t\t\t\t\t\t<\/div>\n\t\t\t\t\t\t<\/div>\n\t\t\t\t<\/div>\n\t\t\t\t\t\t<\/div>\n\t\t\t\t\t<\/div>\n\t\t<\/div>\n\t\t\t\t\t\t\t\t<\/div>\n\t\t\t\t\t<\/div>\n\t\t<\/section>\n\t\t\t\t\t\t<\/div>\n\t\t\t\t\t\t<\/div>\n\t\t\t\t\t<\/div>\n\t\t","protected":false},"excerpt":{"rendered":"<p>GroJaGardenVielfalt f\u00fcr Ihre Gartentr\u00e4ume.mehr erfahrenGroJaProfilesVielfalt f\u00fcr Ihre Hausfassade.mehr erfahrenGroJaProtectMa\u00dfgefertigter Schutz f\u00fcr Ihr Zuhause.mehr erfahrenGroJaTechnicsIndividuelle Produktion von Profilen.mehr erfahren Drei Bereiche Die GroJa Produktvielfalt Gutes noch besser machen \u2013 in unserer Produktentwicklung arbeiten wir stetig an neuen Innovationen f\u00fcr Haus und Garten. Mithilfe von durchdachten Details und einer ansprechenden Optik orientieren wir uns dabei eng an [&hellip;]<\/p>\n","protected":false},"author":1,"featured_media":0,"parent":0,"menu_order":3,"comment_status":"closed","ping_status":"closed","template":"elementor_header_footer","meta":[],"yoast_head":"<!-- This site is optimized with the Yoast SEO plugin v19.4 - https:\/\/yoast.com\/wordpress\/plugins\/seo\/ -->\n<title>Produkte | Groen &amp; Janssen GmbH Kunststoffvertrieb<\/title>\n<meta name=\"description\" content=\"Lernen Sie unsere Produkte f\u00fcr Haus und Garten aus den Bereichen GroJaGarden, GroJaProfiles, GroJaProtect und GroJaTechnics kennen.\" \/>\n<meta name=\"robots\" content=\"noindex, follow\" \/>\n<meta property=\"og:locale\" content=\"de_DE\" \/>\n<meta property=\"og:type\" content=\"article\" \/>\n<meta property=\"og:title\" content=\"Produkte | Groen &amp; Janssen GmbH Kunststoffvertrieb\" \/>\n<meta property=\"og:description\" content=\"Lernen Sie unsere Produkte f\u00fcr Haus und Garten aus den Bereichen GroJaGarden, GroJaProfiles, GroJaProtect und GroJaTechnics kennen.\" \/>\n<meta property=\"og:url\" content=\"https:\/\/echtewerbung.de\/groja\/produkte\/\" \/>\n<meta property=\"og:site_name\" content=\"GroJa\" \/>\n<meta property=\"article:publisher\" content=\"https:\/\/www.facebook.com\/groja24\/\" \/>\n<meta property=\"article:modified_time\" content=\"2020-11-05T13:32:51+00:00\" \/>\n<meta property=\"og:image\" content=\"https:\/\/echtewerbung.de\/groja\/wp-content\/uploads\/2020\/06\/groja-btc-produkte-sichtschutz-terrassendielen-vorgartenzaeune-500x500.png\" \/>\n<meta name=\"twitter:card\" content=\"summary_large_image\" \/>\n<script type=\"application\/ld+json\" class=\"yoast-schema-graph\">{\"@context\":\"https:\/\/schema.org\",\"@graph\":[{\"@type\":\"Organization\",\"@id\":\"https:\/\/echtewerbung.de\/groja\/#organization\",\"name\":\"Groen & Janssen GmbH Kunststoffvertrieb\",\"url\":\"https:\/\/echtewerbung.de\/groja\/\",\"sameAs\":[\"https:\/\/www.instagram.com\/groja_kunststoffvertrieb\/\",\"https:\/\/www.pinterest.de\/groja_kunststoffvertrieb\/\",\"https:\/\/www.youtube.com\/channel\/UC1XF-Gho5_Y4yqB7ADFupvg\",\"https:\/\/www.facebook.com\/groja24\/\"],\"logo\":{\"@type\":\"ImageObject\",\"inLanguage\":\"de\",\"@id\":\"https:\/\/echtewerbung.de\/groja\/#\/schema\/logo\/image\/\",\"url\":\"https:\/\/echtewerbung.de\/groja\/wp-content\/uploads\/2020\/06\/GroJa-LOGO.svg\",\"contentUrl\":\"https:\/\/echtewerbung.de\/groja\/wp-content\/uploads\/2020\/06\/GroJa-LOGO.svg\",\"caption\":\"Groen & Janssen GmbH Kunststoffvertrieb\"},\"image\":{\"@id\":\"https:\/\/echtewerbung.de\/groja\/#\/schema\/logo\/image\/\"}},{\"@type\":\"WebSite\",\"@id\":\"https:\/\/echtewerbung.de\/groja\/#website\",\"url\":\"https:\/\/echtewerbung.de\/groja\/\",\"name\":\"GroJa\",\"description\":\"Wettergepr\u00fcfte Qualit\u00e4t f\u00fcr Haus und Garten\",\"publisher\":{\"@id\":\"https:\/\/echtewerbung.de\/groja\/#organization\"},\"potentialAction\":[{\"@type\":\"SearchAction\",\"target\":{\"@type\":\"EntryPoint\",\"urlTemplate\":\"https:\/\/echtewerbung.de\/groja\/?s={search_term_string}\"},\"query-input\":\"required name=search_term_string\"}],\"inLanguage\":\"de\"},{\"@type\":\"WebPage\",\"@id\":\"https:\/\/echtewerbung.de\/groja\/produkte\/\",\"url\":\"https:\/\/echtewerbung.de\/groja\/produkte\/\",\"name\":\"Produkte | Groen & Janssen GmbH Kunststoffvertrieb\",\"isPartOf\":{\"@id\":\"https:\/\/echtewerbung.de\/groja\/#website\"},\"datePublished\":\"2020-06-22T09:34:07+00:00\",\"dateModified\":\"2020-11-05T13:32:51+00:00\",\"description\":\"Lernen Sie unsere Produkte f\u00fcr Haus und Garten aus den Bereichen GroJaGarden, GroJaProfiles, GroJaProtect und GroJaTechnics kennen.\",\"breadcrumb\":{\"@id\":\"https:\/\/echtewerbung.de\/groja\/produkte\/#breadcrumb\"},\"inLanguage\":\"de\",\"potentialAction\":[{\"@type\":\"ReadAction\",\"target\":[\"https:\/\/echtewerbung.de\/groja\/produkte\/\"]}]},{\"@type\":\"BreadcrumbList\",\"@id\":\"https:\/\/echtewerbung.de\/groja\/produkte\/#breadcrumb\",\"itemListElement\":[{\"@type\":\"ListItem\",\"position\":1,\"name\":\"Startseite\",\"item\":\"https:\/\/echtewerbung.de\/groja\/\"},{\"@type\":\"ListItem\",\"position\":2,\"name\":\"Produkte\"}]}]}<\/script>\n<!-- \/ Yoast SEO plugin. -->","yoast_head_json":{"title":"Produkte | Groen & Janssen GmbH Kunststoffvertrieb","description":"Lernen Sie unsere Produkte f\u00fcr Haus und Garten aus den Bereichen GroJaGarden, GroJaProfiles, GroJaProtect und GroJaTechnics kennen.","robots":{"index":"noindex","follow":"follow"},"og_locale":"de_DE","og_type":"article","og_title":"Produkte | Groen & Janssen GmbH Kunststoffvertrieb","og_description":"Lernen Sie unsere Produkte f\u00fcr Haus und Garten aus den Bereichen GroJaGarden, GroJaProfiles, GroJaProtect und GroJaTechnics kennen.","og_url":"https:\/\/echtewerbung.de\/groja\/produkte\/","og_site_name":"GroJa","article_publisher":"https:\/\/www.facebook.com\/groja24\/","article_modified_time":"2020-11-05T13:32:51+00:00","og_image":[{"url":"https:\/\/echtewerbung.de\/groja\/wp-content\/uploads\/2020\/06\/groja-btc-produkte-sichtschutz-terrassendielen-vorgartenzaeune-500x500.png"}],"twitter_card":"summary_large_image","schema":{"@context":"https:\/\/schema.org","@graph":[{"@type":"Organization","@id":"https:\/\/echtewerbung.de\/groja\/#organization","name":"Groen & Janssen GmbH Kunststoffvertrieb","url":"https:\/\/echtewerbung.de\/groja\/","sameAs":["https:\/\/www.instagram.com\/groja_kunststoffvertrieb\/","https:\/\/www.pinterest.de\/groja_kunststoffvertrieb\/","https:\/\/www.youtube.com\/channel\/UC1XF-Gho5_Y4yqB7ADFupvg","https:\/\/www.facebook.com\/groja24\/"],"logo":{"@type":"ImageObject","inLanguage":"de","@id":"https:\/\/echtewerbung.de\/groja\/#\/schema\/logo\/image\/","url":"https:\/\/echtewerbung.de\/groja\/wp-content\/uploads\/2020\/06\/GroJa-LOGO.svg","contentUrl":"https:\/\/echtewerbung.de\/groja\/wp-content\/uploads\/2020\/06\/GroJa-LOGO.svg","caption":"Groen & Janssen GmbH Kunststoffvertrieb"},"image":{"@id":"https:\/\/echtewerbung.de\/groja\/#\/schema\/logo\/image\/"}},{"@type":"WebSite","@id":"https:\/\/echtewerbung.de\/groja\/#website","url":"https:\/\/echtewerbung.de\/groja\/","name":"GroJa","description":"Wettergepr\u00fcfte Qualit\u00e4t f\u00fcr Haus und Garten","publisher":{"@id":"https:\/\/echtewerbung.de\/groja\/#organization"},"potentialAction":[{"@type":"SearchAction","target":{"@type":"EntryPoint","urlTemplate":"https:\/\/echtewerbung.de\/groja\/?s={search_term_string}"},"query-input":"required name=search_term_string"}],"inLanguage":"de"},{"@type":"WebPage","@id":"https:\/\/echtewerbung.de\/groja\/produkte\/","url":"https:\/\/echtewerbung.de\/groja\/produkte\/","name":"Produkte | Groen & Janssen GmbH Kunststoffvertrieb","isPartOf":{"@id":"https:\/\/echtewerbung.de\/groja\/#website"},"datePublished":"2020-06-22T09:34:07+00:00","dateModified":"2020-11-05T13:32:51+00:00","description":"Lernen Sie unsere Produkte f\u00fcr Haus und Garten aus den Bereichen GroJaGarden, GroJaProfiles, GroJaProtect und GroJaTechnics kennen.","breadcrumb":{"@id":"https:\/\/echtewerbung.de\/groja\/produkte\/#breadcrumb"},"inLanguage":"de","potentialAction":[{"@type":"ReadAction","target":["https:\/\/echtewerbung.de\/groja\/produkte\/"]}]},{"@type":"BreadcrumbList","@id":"https:\/\/echtewerbung.de\/groja\/produkte\/#breadcrumb","itemListElement":[{"@type":"ListItem","position":1,"name":"Startseite","item":"https:\/\/echtewerbung.de\/groja\/"},{"@type":"ListItem","position":2,"name":"Produkte"}]}]}},"_links":{"self":[{"href":"https:\/\/echtewerbung.de\/groja\/wp-json\/wp\/v2\/pages\/308"}],"collection":[{"href":"https:\/\/echtewerbung.de\/groja\/wp-json\/wp\/v2\/pages"}],"about":[{"href":"https:\/\/echtewerbung.de\/groja\/wp-json\/wp\/v2\/types\/page"}],"author":[{"embeddable":true,"href":"https:\/\/echtewerbung.de\/groja\/wp-json\/wp\/v2\/users\/1"}],"replies":[{"embeddable":true,"href":"https:\/\/echtewerbung.de\/groja\/wp-json\/wp\/v2\/comments?post=308"}],"version-history":[{"count":10,"href":"https:\/\/echtewerbung.de\/groja\/wp-json\/wp\/v2\/pages\/308\/revisions"}],"predecessor-version":[{"id":5250,"href":"https:\/\/echtewerbung.de\/groja\/wp-json\/wp\/v2\/pages\/308\/revisions\/5250"}],"wp:attachment":[{"href":"https:\/\/echtewerbung.de\/groja\/wp-json\/wp\/v2\/media?parent=308"}],"curies":[{"name":"wp","href":"https:\/\/api.w.org\/{rel}","templated":true}]}}