{"id":413,"date":"2020-06-23T10:46:23","date_gmt":"2020-06-23T08:46:23","guid":{"rendered":"https:\/\/echtewerbung.de\/groja\/?page_id=413"},"modified":"2020-10-13T09:42:46","modified_gmt":"2020-10-13T07:42:46","slug":"grojagarden","status":"publish","type":"page","link":"https:\/\/echtewerbung.de\/groja\/produkte\/grojagarden\/","title":{"rendered":"GroJaGarden"},"content":{"rendered":"\t\t<div data-elementor-type=\"wp-page\" data-elementor-id=\"413\" class=\"elementor elementor-413\" data-elementor-settings=\"[]\">\n\t\t\t\t\t\t<div class=\"elementor-inner\">\n\t\t\t\t\t\t\t<div class=\"elementor-section-wrap\">\n\t\t\t\t\t\t\t<section class=\"elementor-section elementor-top-section elementor-element elementor-element-1a66946 elementor-section-full_width elementor-section-height-default elementor-section-height-default\" data-id=\"1a66946\" data-element_type=\"section\">\n\t\t\t\t\t\t<div class=\"elementor-container elementor-column-gap-no\">\n\t\t\t\t\t\t\t<div class=\"elementor-row\">\n\t\t\t\t\t<div class=\"elementor-column elementor-col-100 elementor-top-column elementor-element elementor-element-15081f0\" data-id=\"15081f0\" data-element_type=\"column\">\n\t\t\t<div class=\"elementor-column-wrap elementor-element-populated\">\n\t\t\t\t\t\t\t<div class=\"elementor-widget-wrap\">\n\t\t\t\t\t\t<div class=\"elementor-element elementor-element-7726faa elementor-pagination-position-outside sliderstart garden elementor--h-position-center elementor--v-position-middle elementor-widget elementor-widget-slides\" data-id=\"7726faa\" data-element_type=\"widget\" data-settings=\"{&quot;navigation&quot;:&quot;dots&quot;,&quot;infinite&quot;:&quot;yes&quot;,&quot;transition&quot;:&quot;slide&quot;,&quot;transition_speed&quot;:500}\" data-widget_type=\"slides.default\">\n\t\t\t\t<div class=\"elementor-widget-container\">\n\t\t\t\t\t<div class=\"elementor-swiper\">\n\t\t\t<div class=\"elementor-slides-wrapper elementor-main-swiper swiper-container\" dir=\"ltr\" data-animation=\"\">\n\t\t\t\t<div class=\"swiper-wrapper elementor-slides\">\n\t\t\t\t\t\t\t\t\t\t<div class=\"elementor-repeater-item-0137e79 swiper-slide\"><div class=\"swiper-slide-bg\"><\/div><a class=\"swiper-slide-inner\" href=\"https:\/\/echtewerbung.de\/groja\/produkte\/grojagarden\/sichtschutzsysteme\/\"><div class=\"swiper-slide-contents\"><div class=\"elementor-slide-heading\"><span class=\"slidetitle\">GroJa<\/span>Garden<i><\/i><\/div><div class=\"elementor-slide-description\">Sichtschutzsysteme, Terrassendielen<br>\nund Vorgartenz\u00e4une<\/div><\/div><\/a><\/div>\t\t\t\t<\/div>\n\t\t\t\t\t\t\t<\/div>\n\t\t<\/div>\n\t\t\t\t<\/div>\n\t\t\t\t<\/div>\n\t\t\t\t\t\t<\/div>\n\t\t\t\t\t<\/div>\n\t\t<\/div>\n\t\t\t\t\t\t\t\t<\/div>\n\t\t\t\t\t<\/div>\n\t\t<\/section>\n\t\t\t\t<section class=\"elementor-section elementor-top-section elementor-element elementor-element-77bcf841 elementor-section-boxed elementor-section-height-default elementor-section-height-default\" data-id=\"77bcf841\" data-element_type=\"section\">\n\t\t\t\t\t\t<div class=\"elementor-container elementor-column-gap-no\">\n\t\t\t\t\t\t\t<div class=\"elementor-row\">\n\t\t\t\t\t<div class=\"elementor-column elementor-col-100 elementor-top-column elementor-element elementor-element-313daecf\" data-id=\"313daecf\" data-element_type=\"column\">\n\t\t\t<div class=\"elementor-column-wrap elementor-element-populated\">\n\t\t\t\t\t\t\t<div class=\"elementor-widget-wrap\">\n\t\t\t\t\t\t<div class=\"elementor-element elementor-element-6c4c3a85 elementor-align-left elementor-widget elementor-widget-breadcrumbs\" data-id=\"6c4c3a85\" data-element_type=\"widget\" data-widget_type=\"breadcrumbs.default\">\n\t\t\t\t<div class=\"elementor-widget-container\">\n\t\t\t<span id=\"breadcrumbs\"><span><span><a href=\"https:\/\/echtewerbung.de\/groja\/\">Startseite<\/a><\/span><\/span>\t\t<\/div>\n\t\t\t\t<\/div>\n\t\t\t\t\t\t<\/div>\n\t\t\t\t\t<\/div>\n\t\t<\/div>\n\t\t\t\t\t\t\t\t<\/div>\n\t\t\t\t\t<\/div>\n\t\t<\/section>\n\t\t\t\t<section class=\"elementor-section elementor-top-section elementor-element elementor-element-3e31813 elementor-section-boxed elementor-section-height-default elementor-section-height-default\" data-id=\"3e31813\" data-element_type=\"section\">\n\t\t\t\t\t\t<div class=\"elementor-container elementor-column-gap-wider\">\n\t\t\t\t\t\t\t<div class=\"elementor-row\">\n\t\t\t\t\t<div class=\"elementor-column elementor-col-100 elementor-top-column elementor-element elementor-element-5faf242\" data-id=\"5faf242\" data-element_type=\"column\">\n\t\t\t<div class=\"elementor-column-wrap elementor-element-populated\">\n\t\t\t\t\t\t\t<div class=\"elementor-widget-wrap\">\n\t\t\t\t\t\t<div class=\"elementor-element elementor-element-e1efcc3 elementor-widget elementor-widget-heading\" data-id=\"e1efcc3\" data-element_type=\"widget\" data-widget_type=\"heading.default\">\n\t\t\t\t<div class=\"elementor-widget-container\">\n\t\t\t<h3 class=\"elementor-heading-title elementor-size-default\">Sichtschutzz\u00e4une | Terrassendielen | Vorgartenz\u00e4une<\/h3>\t\t<\/div>\n\t\t\t\t<\/div>\n\t\t\t\t<div class=\"elementor-element elementor-element-932461d elementor-widget elementor-widget-heading\" data-id=\"932461d\" data-element_type=\"widget\" data-widget_type=\"heading.default\">\n\t\t\t\t<div class=\"elementor-widget-container\">\n\t\t\t<h1 class=\"elementor-heading-title elementor-size-default\">Pflegeleichte Produkte f\u00fcr Ihren Garten<\/h1>\t\t<\/div>\n\t\t\t\t<\/div>\n\t\t\t\t<div class=\"elementor-element elementor-element-02078bb elementor-widget elementor-widget-text-editor\" data-id=\"02078bb\" data-element_type=\"widget\" data-widget_type=\"text-editor.default\">\n\t\t\t\t<div class=\"elementor-widget-container\">\n\t\t\t\t\t\t\t\t<div class=\"elementor-text-editor elementor-clearfix\">\n\t\t\t\t<p>Wohlf\u00fchloase, R\u00fcckzugsort, zweites Wohnzimmer \u2013 der heimische Garten l\u00e4dt im Sommer zum Entspannen ein. Mit den GroJa-Produkten aus Kunststoff oder anderen Verbundsstoffen m\u00fcssen Sie sich um die Pflege von Sichtschutzz\u00e4unen, Terrassendielen und Vorgartenz\u00e4unen keine Gedanken mehr machen. Aber auch in Sachen Optik bleiben keine W\u00fcnsche offen: Verschiedene Modelle und Farben bieten das richtige Produkt f\u00fcr jeden Garten.<\/p>\t\t\t\t\t<\/div>\n\t\t\t\t\t\t<\/div>\n\t\t\t\t<\/div>\n\t\t\t\t\t\t<\/div>\n\t\t\t\t\t<\/div>\n\t\t<\/div>\n\t\t\t\t\t\t\t\t<\/div>\n\t\t\t\t\t<\/div>\n\t\t<\/section>\n\t\t\t\t<section class=\"elementor-section elementor-top-section elementor-element elementor-element-3111980 elementor-section-boxed elementor-section-height-default elementor-section-height-default\" data-id=\"3111980\" data-element_type=\"section\" data-settings=\"{&quot;background_background&quot;:&quot;classic&quot;}\">\n\t\t\t\t\t\t\t<div class=\"elementor-background-overlay\"><\/div>\n\t\t\t\t\t\t\t<div class=\"elementor-container elementor-column-gap-wider\">\n\t\t\t\t\t\t\t<div class=\"elementor-row\">\n\t\t\t\t\t\t\t\t\t<\/div>\n\t\t\t\t\t<\/div>\n\t\t<\/section>\n\t\t\t\t<section class=\"elementor-section elementor-top-section elementor-element elementor-element-26a8a24 elementor-section-boxed elementor-section-height-default elementor-section-height-default\" data-id=\"26a8a24\" data-element_type=\"section\">\n\t\t\t\t\t\t<div class=\"elementor-container elementor-column-gap-default\">\n\t\t\t\t\t\t\t<div class=\"elementor-row\">\n\t\t\t\t\t<div class=\"elementor-column elementor-col-33 elementor-top-column elementor-element elementor-element-2feac42\" data-id=\"2feac42\" data-element_type=\"column\">\n\t\t\t<div class=\"elementor-column-wrap elementor-element-populated\">\n\t\t\t\t\t\t\t<div class=\"elementor-widget-wrap\">\n\t\t\t\t\t\t<div class=\"elementor-element elementor-element-9614a4e elementor-widget elementor-widget-image\" data-id=\"9614a4e\" data-element_type=\"widget\" data-widget_type=\"image.default\">\n\t\t\t\t<div class=\"elementor-widget-container\">\n\t\t\t\t\t\t\t\t<div class=\"elementor-image\">\n\t\t\t\t\t\t\t\t\t\t\t\t\t<a href=\"\/produkte\/grojagarden\/terrassendielen\">\n\t\t\t\t\t\t\t<img width=\"500\" height=\"500\" src=\"https:\/\/echtewerbung.de\/groja\/wp-content\/uploads\/2020\/06\/groja-btc-leistungen-terrassendielen-500x500.png\" class=\"attachment-custom-portfolio-size size-custom-portfolio-size\" alt=\"GroJa Leistungen Terassendielen\" loading=\"lazy\" srcset=\"https:\/\/echtewerbung.de\/groja\/wp-content\/uploads\/2020\/06\/groja-btc-leistungen-terrassendielen-500x500.png 500w, https:\/\/echtewerbung.de\/groja\/wp-content\/uploads\/2020\/06\/groja-btc-leistungen-terrassendielen-300x300.png 300w, https:\/\/echtewerbung.de\/groja\/wp-content\/uploads\/2020\/06\/groja-btc-leistungen-terrassendielen-150x150.png 150w, https:\/\/echtewerbung.de\/groja\/wp-content\/uploads\/2020\/06\/groja-btc-leistungen-terrassendielen-768x768.png 768w, https:\/\/echtewerbung.de\/groja\/wp-content\/uploads\/2020\/06\/groja-btc-leistungen-terrassendielen.png 770w\" sizes=\"(max-width: 500px) 100vw, 500px\" \/>\t\t\t\t\t\t\t\t<\/a>\n\t\t\t\t\t\t\t\t\t\t\t\t\t\t<\/div>\n\t\t\t\t\t\t<\/div>\n\t\t\t\t<\/div>\n\t\t\t\t\t\t<\/div>\n\t\t\t\t\t<\/div>\n\t\t<\/div>\n\t\t\t\t<div class=\"elementor-column elementor-col-33 elementor-top-column elementor-element elementor-element-b0b5569\" data-id=\"b0b5569\" data-element_type=\"column\">\n\t\t\t<div class=\"elementor-column-wrap elementor-element-populated\">\n\t\t\t\t\t\t\t<div class=\"elementor-widget-wrap\">\n\t\t\t\t\t\t<div class=\"elementor-element elementor-element-6d9844e elementor-widget elementor-widget-image\" data-id=\"6d9844e\" data-element_type=\"widget\" data-widget_type=\"image.default\">\n\t\t\t\t<div class=\"elementor-widget-container\">\n\t\t\t\t\t\t\t\t<div class=\"elementor-image\">\n\t\t\t\t\t\t\t\t\t\t\t\t\t<a href=\"\/produkte\/grojagarden\/sichtschutzsysteme\">\n\t\t\t\t\t\t\t<img width=\"500\" height=\"500\" src=\"https:\/\/echtewerbung.de\/groja\/wp-content\/uploads\/2020\/06\/groja-btc-leistungen-sichtschutz-500x500.png\" class=\"attachment-custom-portfolio-size size-custom-portfolio-size\" alt=\"GroJa Leistungen Sichtschutz\" loading=\"lazy\" srcset=\"https:\/\/echtewerbung.de\/groja\/wp-content\/uploads\/2020\/06\/groja-btc-leistungen-sichtschutz-500x500.png 500w, https:\/\/echtewerbung.de\/groja\/wp-content\/uploads\/2020\/06\/groja-btc-leistungen-sichtschutz-300x300.png 300w, https:\/\/echtewerbung.de\/groja\/wp-content\/uploads\/2020\/06\/groja-btc-leistungen-sichtschutz-150x150.png 150w, https:\/\/echtewerbung.de\/groja\/wp-content\/uploads\/2020\/06\/groja-btc-leistungen-sichtschutz-768x768.png 768w, https:\/\/echtewerbung.de\/groja\/wp-content\/uploads\/2020\/06\/groja-btc-leistungen-sichtschutz.png 770w\" sizes=\"(max-width: 500px) 100vw, 500px\" \/>\t\t\t\t\t\t\t\t<\/a>\n\t\t\t\t\t\t\t\t\t\t\t\t\t\t<\/div>\n\t\t\t\t\t\t<\/div>\n\t\t\t\t<\/div>\n\t\t\t\t\t\t<\/div>\n\t\t\t\t\t<\/div>\n\t\t<\/div>\n\t\t\t\t<div class=\"elementor-column elementor-col-33 elementor-top-column elementor-element elementor-element-786261b\" data-id=\"786261b\" data-element_type=\"column\">\n\t\t\t<div class=\"elementor-column-wrap elementor-element-populated\">\n\t\t\t\t\t\t\t<div class=\"elementor-widget-wrap\">\n\t\t\t\t\t\t<div class=\"elementor-element elementor-element-118cd9e elementor-widget elementor-widget-image\" data-id=\"118cd9e\" data-element_type=\"widget\" data-widget_type=\"image.default\">\n\t\t\t\t<div class=\"elementor-widget-container\">\n\t\t\t\t\t\t\t\t<div class=\"elementor-image\">\n\t\t\t\t\t\t\t\t\t\t\t\t\t<a href=\"\/produkte\/grojagarden\/vorgartenzaeune\">\n\t\t\t\t\t\t\t<img width=\"500\" height=\"500\" src=\"https:\/\/echtewerbung.de\/groja\/wp-content\/uploads\/2020\/09\/groja-btc-leistungen-vorgartenzaeune-09-2020-500x500.png\" class=\"attachment-custom-portfolio-size size-custom-portfolio-size\" alt=\"\" loading=\"lazy\" srcset=\"https:\/\/echtewerbung.de\/groja\/wp-content\/uploads\/2020\/09\/groja-btc-leistungen-vorgartenzaeune-09-2020-500x500.png 500w, https:\/\/echtewerbung.de\/groja\/wp-content\/uploads\/2020\/09\/groja-btc-leistungen-vorgartenzaeune-09-2020-300x300.png 300w, https:\/\/echtewerbung.de\/groja\/wp-content\/uploads\/2020\/09\/groja-btc-leistungen-vorgartenzaeune-09-2020-150x150.png 150w, https:\/\/echtewerbung.de\/groja\/wp-content\/uploads\/2020\/09\/groja-btc-leistungen-vorgartenzaeune-09-2020-768x768.png 768w, https:\/\/echtewerbung.de\/groja\/wp-content\/uploads\/2020\/09\/groja-btc-leistungen-vorgartenzaeune-09-2020.png 770w\" sizes=\"(max-width: 500px) 100vw, 500px\" \/>\t\t\t\t\t\t\t\t<\/a>\n\t\t\t\t\t\t\t\t\t\t\t\t\t\t<\/div>\n\t\t\t\t\t\t<\/div>\n\t\t\t\t<\/div>\n\t\t\t\t\t\t<\/div>\n\t\t\t\t\t<\/div>\n\t\t<\/div>\n\t\t\t\t\t\t\t\t<\/div>\n\t\t\t\t\t<\/div>\n\t\t<\/section>\n\t\t\t\t<section class=\"elementor-section elementor-top-section elementor-element elementor-element-e8a6f55 elementor-section-boxed elementor-section-height-default elementor-section-height-default\" data-id=\"e8a6f55\" data-element_type=\"section\">\n\t\t\t\t\t\t<div class=\"elementor-container elementor-column-gap-default\">\n\t\t\t\t\t\t\t<div class=\"elementor-row\">\n\t\t\t\t\t<div class=\"elementor-column elementor-col-100 elementor-top-column elementor-element elementor-element-a4fbe8f\" data-id=\"a4fbe8f\" data-element_type=\"column\">\n\t\t\t<div class=\"elementor-column-wrap elementor-element-populated\">\n\t\t\t\t\t\t\t<div class=\"elementor-widget-wrap\">\n\t\t\t\t\t\t<div class=\"elementor-element elementor-element-006dca8 elementor-aspect-ratio-169 elementor-widget elementor-widget-video\" data-id=\"006dca8\" data-element_type=\"widget\" data-settings=\"{&quot;video_type&quot;:&quot;hosted&quot;,&quot;start&quot;:0,&quot;autoplay&quot;:&quot;yes&quot;,&quot;controls&quot;:&quot;yes&quot;,&quot;aspect_ratio&quot;:&quot;169&quot;}\" data-widget_type=\"video.default\">\n\t\t\t\t<div class=\"elementor-widget-container\">\n\t\t\t\t\t<div class=\"e-hosted-video elementor-wrapper elementor-fit-aspect-ratio elementor-open-inline\">\n\t\t\t\t\t<video class=\"elementor-video\" src=\"https:\/\/echtewerbung.de\/groja\/wp-content\/uploads\/2020\/07\/Header_GroJa-Garden.mp4\" autoplay=\"\" controls=\"\" controlsList=\"nodownload\"><\/video>\n\t\t\t\t<\/div>\n\t\t\t\t<\/div>\n\t\t\t\t<\/div>\n\t\t\t\t\t\t<\/div>\n\t\t\t\t\t<\/div>\n\t\t<\/div>\n\t\t\t\t\t\t\t\t<\/div>\n\t\t\t\t\t<\/div>\n\t\t<\/section>\n\t\t\t\t\t\t<\/div>\n\t\t\t\t\t\t<\/div>\n\t\t\t\t\t<\/div>\n\t\t","protected":false},"excerpt":{"rendered":"<p>GroJaGardenSichtschutzsysteme, Terrassendielen und Vorgartenz\u00e4une Sichtschutzz\u00e4une | Terrassendielen | Vorgartenz\u00e4une Pflegeleichte Produkte f\u00fcr Ihren Garten Wohlf\u00fchloase, R\u00fcckzugsort, zweites Wohnzimmer \u2013 der heimische Garten l\u00e4dt im Sommer zum Entspannen ein. Mit den GroJa-Produkten aus Kunststoff oder anderen Verbundsstoffen m\u00fcssen Sie sich um die Pflege von Sichtschutzz\u00e4unen, Terrassendielen und Vorgartenz\u00e4unen keine Gedanken mehr machen. Aber auch in Sachen [&hellip;]<\/p>\n","protected":false},"author":1,"featured_media":0,"parent":308,"menu_order":4,"comment_status":"closed","ping_status":"closed","template":"elementor_header_footer","meta":[],"yoast_head":"<!-- This site is optimized with the Yoast SEO plugin v19.4 - https:\/\/yoast.com\/wordpress\/plugins\/seo\/ -->\n<title>GroJaGarden | Groen &amp; Janssen GmbH Kunststoffvertrieb<\/title>\n<meta name=\"description\" content=\"GroJaGarden bietet Ihnen eine Vielfalt an Produkten f\u00fcr Ihren Garten, Terasse und Balkon - Sichtschutz, Terassendielen und Vorgartenz\u00e4une\" \/>\n<meta name=\"robots\" content=\"noindex, follow\" \/>\n<meta property=\"og:locale\" content=\"de_DE\" \/>\n<meta property=\"og:type\" content=\"article\" \/>\n<meta property=\"og:title\" content=\"GroJaGarden | Groen &amp; Janssen GmbH Kunststoffvertrieb\" \/>\n<meta property=\"og:description\" content=\"GroJaGarden bietet Ihnen eine Vielfalt an Produkten f\u00fcr Ihren Garten, Terasse und Balkon - Sichtschutz, Terassendielen und Vorgartenz\u00e4une\" \/>\n<meta property=\"og:url\" content=\"https:\/\/echtewerbung.de\/groja\/produkte\/grojagarden\/\" \/>\n<meta property=\"og:site_name\" content=\"GroJa\" \/>\n<meta property=\"article:publisher\" content=\"https:\/\/www.facebook.com\/groja24\/\" \/>\n<meta property=\"article:modified_time\" content=\"2020-10-13T07:42:46+00:00\" \/>\n<meta property=\"og:image\" content=\"https:\/\/echtewerbung.de\/groja\/wp-content\/uploads\/2020\/06\/groja-btc-leistungen-terrassendielen-500x500.png\" \/>\n<meta name=\"twitter:card\" content=\"summary_large_image\" \/>\n<script type=\"application\/ld+json\" class=\"yoast-schema-graph\">{\"@context\":\"https:\/\/schema.org\",\"@graph\":[{\"@type\":\"Organization\",\"@id\":\"https:\/\/echtewerbung.de\/groja\/#organization\",\"name\":\"Groen & Janssen GmbH Kunststoffvertrieb\",\"url\":\"https:\/\/echtewerbung.de\/groja\/\",\"sameAs\":[\"https:\/\/www.instagram.com\/groja_kunststoffvertrieb\/\",\"https:\/\/www.pinterest.de\/groja_kunststoffvertrieb\/\",\"https:\/\/www.youtube.com\/channel\/UC1XF-Gho5_Y4yqB7ADFupvg\",\"https:\/\/www.facebook.com\/groja24\/\"],\"logo\":{\"@type\":\"ImageObject\",\"inLanguage\":\"de\",\"@id\":\"https:\/\/echtewerbung.de\/groja\/#\/schema\/logo\/image\/\",\"url\":\"https:\/\/echtewerbung.de\/groja\/wp-content\/uploads\/2020\/06\/GroJa-LOGO.svg\",\"contentUrl\":\"https:\/\/echtewerbung.de\/groja\/wp-content\/uploads\/2020\/06\/GroJa-LOGO.svg\",\"caption\":\"Groen & Janssen GmbH Kunststoffvertrieb\"},\"image\":{\"@id\":\"https:\/\/echtewerbung.de\/groja\/#\/schema\/logo\/image\/\"}},{\"@type\":\"WebSite\",\"@id\":\"https:\/\/echtewerbung.de\/groja\/#website\",\"url\":\"https:\/\/echtewerbung.de\/groja\/\",\"name\":\"GroJa\",\"description\":\"Wettergepr\u00fcfte Qualit\u00e4t f\u00fcr Haus und Garten\",\"publisher\":{\"@id\":\"https:\/\/echtewerbung.de\/groja\/#organization\"},\"potentialAction\":[{\"@type\":\"SearchAction\",\"target\":{\"@type\":\"EntryPoint\",\"urlTemplate\":\"https:\/\/echtewerbung.de\/groja\/?s={search_term_string}\"},\"query-input\":\"required name=search_term_string\"}],\"inLanguage\":\"de\"},{\"@type\":\"WebPage\",\"@id\":\"https:\/\/echtewerbung.de\/groja\/produkte\/grojagarden\/\",\"url\":\"https:\/\/echtewerbung.de\/groja\/produkte\/grojagarden\/\",\"name\":\"GroJaGarden | Groen & Janssen GmbH Kunststoffvertrieb\",\"isPartOf\":{\"@id\":\"https:\/\/echtewerbung.de\/groja\/#website\"},\"datePublished\":\"2020-06-23T08:46:23+00:00\",\"dateModified\":\"2020-10-13T07:42:46+00:00\",\"description\":\"GroJaGarden bietet Ihnen eine Vielfalt an Produkten f\u00fcr Ihren Garten, Terasse und Balkon - Sichtschutz, Terassendielen und Vorgartenz\u00e4une\",\"breadcrumb\":{\"@id\":\"https:\/\/echtewerbung.de\/groja\/produkte\/grojagarden\/#breadcrumb\"},\"inLanguage\":\"de\",\"potentialAction\":[{\"@type\":\"ReadAction\",\"target\":[\"https:\/\/echtewerbung.de\/groja\/produkte\/grojagarden\/\"]}]},{\"@type\":\"BreadcrumbList\",\"@id\":\"https:\/\/echtewerbung.de\/groja\/produkte\/grojagarden\/#breadcrumb\",\"itemListElement\":[{\"@type\":\"ListItem\",\"position\":1,\"name\":\"Startseite\",\"item\":\"https:\/\/echtewerbung.de\/groja\/\"},{\"@type\":\"ListItem\",\"position\":2,\"name\":\"Produkte\",\"item\":\"https:\/\/echtewerbung.de\/groja\/produkte\/\"},{\"@type\":\"ListItem\",\"position\":3,\"name\":\"GroJaGarden\"}]}]}<\/script>\n<!-- \/ Yoast SEO plugin. -->","yoast_head_json":{"title":"GroJaGarden | Groen & Janssen GmbH Kunststoffvertrieb","description":"GroJaGarden bietet Ihnen eine Vielfalt an Produkten f\u00fcr Ihren Garten, Terasse und Balkon - Sichtschutz, Terassendielen und Vorgartenz\u00e4une","robots":{"index":"noindex","follow":"follow"},"og_locale":"de_DE","og_type":"article","og_title":"GroJaGarden | Groen & Janssen GmbH Kunststoffvertrieb","og_description":"GroJaGarden bietet Ihnen eine Vielfalt an Produkten f\u00fcr Ihren Garten, Terasse und Balkon - Sichtschutz, Terassendielen und Vorgartenz\u00e4une","og_url":"https:\/\/echtewerbung.de\/groja\/produkte\/grojagarden\/","og_site_name":"GroJa","article_publisher":"https:\/\/www.facebook.com\/groja24\/","article_modified_time":"2020-10-13T07:42:46+00:00","og_image":[{"url":"https:\/\/echtewerbung.de\/groja\/wp-content\/uploads\/2020\/06\/groja-btc-leistungen-terrassendielen-500x500.png"}],"twitter_card":"summary_large_image","schema":{"@context":"https:\/\/schema.org","@graph":[{"@type":"Organization","@id":"https:\/\/echtewerbung.de\/groja\/#organization","name":"Groen & Janssen GmbH Kunststoffvertrieb","url":"https:\/\/echtewerbung.de\/groja\/","sameAs":["https:\/\/www.instagram.com\/groja_kunststoffvertrieb\/","https:\/\/www.pinterest.de\/groja_kunststoffvertrieb\/","https:\/\/www.youtube.com\/channel\/UC1XF-Gho5_Y4yqB7ADFupvg","https:\/\/www.facebook.com\/groja24\/"],"logo":{"@type":"ImageObject","inLanguage":"de","@id":"https:\/\/echtewerbung.de\/groja\/#\/schema\/logo\/image\/","url":"https:\/\/echtewerbung.de\/groja\/wp-content\/uploads\/2020\/06\/GroJa-LOGO.svg","contentUrl":"https:\/\/echtewerbung.de\/groja\/wp-content\/uploads\/2020\/06\/GroJa-LOGO.svg","caption":"Groen & Janssen GmbH Kunststoffvertrieb"},"image":{"@id":"https:\/\/echtewerbung.de\/groja\/#\/schema\/logo\/image\/"}},{"@type":"WebSite","@id":"https:\/\/echtewerbung.de\/groja\/#website","url":"https:\/\/echtewerbung.de\/groja\/","name":"GroJa","description":"Wettergepr\u00fcfte Qualit\u00e4t f\u00fcr Haus und Garten","publisher":{"@id":"https:\/\/echtewerbung.de\/groja\/#organization"},"potentialAction":[{"@type":"SearchAction","target":{"@type":"EntryPoint","urlTemplate":"https:\/\/echtewerbung.de\/groja\/?s={search_term_string}"},"query-input":"required name=search_term_string"}],"inLanguage":"de"},{"@type":"WebPage","@id":"https:\/\/echtewerbung.de\/groja\/produkte\/grojagarden\/","url":"https:\/\/echtewerbung.de\/groja\/produkte\/grojagarden\/","name":"GroJaGarden | Groen & Janssen GmbH Kunststoffvertrieb","isPartOf":{"@id":"https:\/\/echtewerbung.de\/groja\/#website"},"datePublished":"2020-06-23T08:46:23+00:00","dateModified":"2020-10-13T07:42:46+00:00","description":"GroJaGarden bietet Ihnen eine Vielfalt an Produkten f\u00fcr Ihren Garten, Terasse und Balkon - Sichtschutz, Terassendielen und Vorgartenz\u00e4une","breadcrumb":{"@id":"https:\/\/echtewerbung.de\/groja\/produkte\/grojagarden\/#breadcrumb"},"inLanguage":"de","potentialAction":[{"@type":"ReadAction","target":["https:\/\/echtewerbung.de\/groja\/produkte\/grojagarden\/"]}]},{"@type":"BreadcrumbList","@id":"https:\/\/echtewerbung.de\/groja\/produkte\/grojagarden\/#breadcrumb","itemListElement":[{"@type":"ListItem","position":1,"name":"Startseite","item":"https:\/\/echtewerbung.de\/groja\/"},{"@type":"ListItem","position":2,"name":"Produkte","item":"https:\/\/echtewerbung.de\/groja\/produkte\/"},{"@type":"ListItem","position":3,"name":"GroJaGarden"}]}]}},"_links":{"self":[{"href":"https:\/\/echtewerbung.de\/groja\/wp-json\/wp\/v2\/pages\/413"}],"collection":[{"href":"https:\/\/echtewerbung.de\/groja\/wp-json\/wp\/v2\/pages"}],"about":[{"href":"https:\/\/echtewerbung.de\/groja\/wp-json\/wp\/v2\/types\/page"}],"author":[{"embeddable":true,"href":"https:\/\/echtewerbung.de\/groja\/wp-json\/wp\/v2\/users\/1"}],"replies":[{"embeddable":true,"href":"https:\/\/echtewerbung.de\/groja\/wp-json\/wp\/v2\/comments?post=413"}],"version-history":[{"count":10,"href":"https:\/\/echtewerbung.de\/groja\/wp-json\/wp\/v2\/pages\/413\/revisions"}],"predecessor-version":[{"id":4987,"href":"https:\/\/echtewerbung.de\/groja\/wp-json\/wp\/v2\/pages\/413\/revisions\/4987"}],"up":[{"embeddable":true,"href":"https:\/\/echtewerbung.de\/groja\/wp-json\/wp\/v2\/pages\/308"}],"wp:attachment":[{"href":"https:\/\/echtewerbung.de\/groja\/wp-json\/wp\/v2\/media?parent=413"}],"curies":[{"name":"wp","href":"https:\/\/api.w.org\/{rel}","templated":true}]}}