{"id":427,"date":"2020-06-23T10:57:54","date_gmt":"2020-06-23T08:57:54","guid":{"rendered":"https:\/\/echtewerbung.de\/groja\/?page_id=427"},"modified":"2020-10-30T13:21:54","modified_gmt":"2020-10-30T12:21:54","slug":"grojaprofiles","status":"publish","type":"page","link":"https:\/\/echtewerbung.de\/groja\/produkte\/grojaprofiles\/","title":{"rendered":"GroJaProfiles"},"content":{"rendered":"\t\t<div data-elementor-type=\"wp-page\" data-elementor-id=\"427\" class=\"elementor elementor-427\" data-elementor-settings=\"[]\">\n\t\t\t\t\t\t<div class=\"elementor-inner\">\n\t\t\t\t\t\t\t<div class=\"elementor-section-wrap\">\n\t\t\t\t\t\t\t<section class=\"elementor-section elementor-top-section elementor-element elementor-element-1a66946 elementor-section-full_width elementor-section-height-default elementor-section-height-default\" data-id=\"1a66946\" data-element_type=\"section\">\n\t\t\t\t\t\t<div class=\"elementor-container elementor-column-gap-no\">\n\t\t\t\t\t\t\t<div class=\"elementor-row\">\n\t\t\t\t\t<div class=\"elementor-column elementor-col-100 elementor-top-column elementor-element elementor-element-15081f0\" data-id=\"15081f0\" data-element_type=\"column\">\n\t\t\t<div class=\"elementor-column-wrap elementor-element-populated\">\n\t\t\t\t\t\t\t<div class=\"elementor-widget-wrap\">\n\t\t\t\t\t\t<div class=\"elementor-element elementor-element-7726faa elementor-pagination-position-outside sliderstart profiles elementor--h-position-center elementor--v-position-middle elementor-widget elementor-widget-slides\" data-id=\"7726faa\" data-element_type=\"widget\" data-settings=\"{&quot;navigation&quot;:&quot;dots&quot;,&quot;infinite&quot;:&quot;yes&quot;,&quot;transition&quot;:&quot;slide&quot;,&quot;transition_speed&quot;:500}\" data-widget_type=\"slides.default\">\n\t\t\t\t<div class=\"elementor-widget-container\">\n\t\t\t\t\t<div class=\"elementor-swiper\">\n\t\t\t<div class=\"elementor-slides-wrapper elementor-main-swiper swiper-container\" dir=\"ltr\" data-animation=\"\">\n\t\t\t\t<div class=\"swiper-wrapper elementor-slides\">\n\t\t\t\t\t\t\t\t\t\t<div class=\"elementor-repeater-item-0137e79 swiper-slide\"><div class=\"swiper-slide-bg\"><\/div><div class=\"swiper-slide-inner\" ><div class=\"swiper-slide-contents\"><div class=\"elementor-slide-heading\"><span class=\"slidetitle\">GroJa<\/span>Profiles<i><\/i><\/div><div class=\"elementor-slide-description\">Wei\u00df kann jeder.<br>\nIndividuelle Dach- und Wandprofile.<\/div><\/div><\/div><\/div>\t\t\t\t<\/div>\n\t\t\t\t\t\t\t<\/div>\n\t\t<\/div>\n\t\t\t\t<\/div>\n\t\t\t\t<\/div>\n\t\t\t\t\t\t<\/div>\n\t\t\t\t\t<\/div>\n\t\t<\/div>\n\t\t\t\t\t\t\t\t<\/div>\n\t\t\t\t\t<\/div>\n\t\t<\/section>\n\t\t\t\t<section class=\"elementor-section elementor-top-section elementor-element elementor-element-251c5311 elementor-section-boxed elementor-section-height-default elementor-section-height-default\" data-id=\"251c5311\" data-element_type=\"section\">\n\t\t\t\t\t\t<div class=\"elementor-container elementor-column-gap-no\">\n\t\t\t\t\t\t\t<div class=\"elementor-row\">\n\t\t\t\t\t<div class=\"elementor-column elementor-col-100 elementor-top-column elementor-element elementor-element-4070e9c9\" data-id=\"4070e9c9\" data-element_type=\"column\">\n\t\t\t<div class=\"elementor-column-wrap elementor-element-populated\">\n\t\t\t\t\t\t\t<div class=\"elementor-widget-wrap\">\n\t\t\t\t\t\t<div class=\"elementor-element elementor-element-2aa160e2 elementor-align-left elementor-widget elementor-widget-breadcrumbs\" data-id=\"2aa160e2\" data-element_type=\"widget\" data-widget_type=\"breadcrumbs.default\">\n\t\t\t\t<div class=\"elementor-widget-container\">\n\t\t\t<span id=\"breadcrumbs\"><span><span><a href=\"https:\/\/echtewerbung.de\/groja\/\">Startseite<\/a><\/span><\/span>\t\t<\/div>\n\t\t\t\t<\/div>\n\t\t\t\t\t\t<\/div>\n\t\t\t\t\t<\/div>\n\t\t<\/div>\n\t\t\t\t\t\t\t\t<\/div>\n\t\t\t\t\t<\/div>\n\t\t<\/section>\n\t\t\t\t<section class=\"elementor-section elementor-top-section elementor-element elementor-element-3e31813 elementor-section-boxed elementor-section-height-default elementor-section-height-default\" data-id=\"3e31813\" data-element_type=\"section\">\n\t\t\t\t\t\t<div class=\"elementor-container elementor-column-gap-wider\">\n\t\t\t\t\t\t\t<div class=\"elementor-row\">\n\t\t\t\t\t<div class=\"elementor-column elementor-col-100 elementor-top-column elementor-element elementor-element-5faf242\" data-id=\"5faf242\" data-element_type=\"column\">\n\t\t\t<div class=\"elementor-column-wrap elementor-element-populated\">\n\t\t\t\t\t\t\t<div class=\"elementor-widget-wrap\">\n\t\t\t\t\t\t<div class=\"elementor-element elementor-element-e1efcc3 elementor-widget elementor-widget-heading\" data-id=\"e1efcc3\" data-element_type=\"widget\" data-widget_type=\"heading.default\">\n\t\t\t\t<div class=\"elementor-widget-container\">\n\t\t\t<h3 class=\"elementor-heading-title elementor-size-default\">Vielfalt f\u00fcr Ihre Hausfassade<\/h3>\t\t<\/div>\n\t\t\t\t<\/div>\n\t\t\t\t<div class=\"elementor-element elementor-element-932461d elementor-widget elementor-widget-heading\" data-id=\"932461d\" data-element_type=\"widget\" data-widget_type=\"heading.default\">\n\t\t\t\t<div class=\"elementor-widget-container\">\n\t\t\t<h1 class=\"elementor-heading-title elementor-size-default\">Funktionalit\u00e4t und Optik f\u00fcr Ihr Haus<\/h1>\t\t<\/div>\n\t\t\t\t<\/div>\n\t\t\t\t<div class=\"elementor-element elementor-element-02078bb elementor-widget elementor-widget-text-editor\" data-id=\"02078bb\" data-element_type=\"widget\" data-widget_type=\"text-editor.default\">\n\t\t\t\t<div class=\"elementor-widget-container\">\n\t\t\t\t\t\t\t\t<div class=\"elementor-text-editor elementor-clearfix\">\n\t\t\t\t<p>Hochwertige Dach- und Wandprofile, Leisten und Klappladen verleihen Ihrem Haus das gewisse Etwas. Bestehend aus hochwertigem PVC, \u00fcberzeugen die Profile durch eine enorme Stabilit\u00e4t und Witterungsbest\u00e4ndigkeit. Unsere GroJa-Produkte sind nicht nur besonders pflegeleicht und funktional, sondern auch optisch ein echter Hingucker. Entdecken Sie die breite Farbvielfalt und finden Sie die passenden Profile f\u00fcr Ihr Haus.<\/p>\t\t\t\t\t<\/div>\n\t\t\t\t\t\t<\/div>\n\t\t\t\t<\/div>\n\t\t\t\t\t\t<\/div>\n\t\t\t\t\t<\/div>\n\t\t<\/div>\n\t\t\t\t\t\t\t\t<\/div>\n\t\t\t\t\t<\/div>\n\t\t<\/section>\n\t\t\t\t<section class=\"elementor-section elementor-top-section elementor-element elementor-element-3111980 elementor-section-boxed elementor-section-height-default elementor-section-height-default\" data-id=\"3111980\" data-element_type=\"section\" data-settings=\"{&quot;background_background&quot;:&quot;classic&quot;}\">\n\t\t\t\t\t\t\t<div class=\"elementor-background-overlay\"><\/div>\n\t\t\t\t\t\t\t<div class=\"elementor-container elementor-column-gap-wider\">\n\t\t\t\t\t\t\t<div class=\"elementor-row\">\n\t\t\t\t\t<div class=\"elementor-column elementor-col-100 elementor-top-column elementor-element elementor-element-8ba994f\" data-id=\"8ba994f\" data-element_type=\"column\">\n\t\t\t<div class=\"elementor-column-wrap\">\n\t\t\t\t\t\t\t<div class=\"elementor-widget-wrap\">\n\t\t\t\t\t\t\t\t<\/div>\n\t\t\t\t\t<\/div>\n\t\t<\/div>\n\t\t\t\t\t\t\t\t<\/div>\n\t\t\t\t\t<\/div>\n\t\t<\/section>\n\t\t\t\t<section class=\"elementor-section elementor-top-section elementor-element elementor-element-a3b2d2b elementor-section-boxed elementor-section-height-default elementor-section-height-default\" data-id=\"a3b2d2b\" data-element_type=\"section\">\n\t\t\t\t\t\t<div class=\"elementor-container elementor-column-gap-wider\">\n\t\t\t\t\t\t\t<div class=\"elementor-row\">\n\t\t\t\t\t<div class=\"elementor-column elementor-col-33 elementor-top-column elementor-element elementor-element-b0b5569\" data-id=\"b0b5569\" data-element_type=\"column\">\n\t\t\t<div class=\"elementor-column-wrap elementor-element-populated\">\n\t\t\t\t\t\t\t<div class=\"elementor-widget-wrap\">\n\t\t\t\t\t\t<div class=\"elementor-element elementor-element-6d9844e elementor-widget elementor-widget-image\" data-id=\"6d9844e\" data-element_type=\"widget\" data-widget_type=\"image.default\">\n\t\t\t\t<div class=\"elementor-widget-container\">\n\t\t\t\t\t\t\t\t<div class=\"elementor-image\">\n\t\t\t\t\t\t\t\t\t\t\t\t\t<a href=\"\/produkte\/grojaprofiles\/dachundwandprofile\/\">\n\t\t\t\t\t\t\t<img width=\"500\" height=\"500\" src=\"https:\/\/echtewerbung.de\/groja\/wp-content\/uploads\/2020\/06\/groja-btc-leistungen-dach-wand-profile-500x500.png\" class=\"attachment-custom-portfolio-size size-custom-portfolio-size\" alt=\"GroJa Leistungen Dach- und Wandprofile\" loading=\"lazy\" srcset=\"https:\/\/echtewerbung.de\/groja\/wp-content\/uploads\/2020\/06\/groja-btc-leistungen-dach-wand-profile-500x500.png 500w, https:\/\/echtewerbung.de\/groja\/wp-content\/uploads\/2020\/06\/groja-btc-leistungen-dach-wand-profile-300x300.png 300w, https:\/\/echtewerbung.de\/groja\/wp-content\/uploads\/2020\/06\/groja-btc-leistungen-dach-wand-profile-150x150.png 150w, https:\/\/echtewerbung.de\/groja\/wp-content\/uploads\/2020\/06\/groja-btc-leistungen-dach-wand-profile-768x768.png 768w, https:\/\/echtewerbung.de\/groja\/wp-content\/uploads\/2020\/06\/groja-btc-leistungen-dach-wand-profile.png 770w\" sizes=\"(max-width: 500px) 100vw, 500px\" \/>\t\t\t\t\t\t\t\t<\/a>\n\t\t\t\t\t\t\t\t\t\t\t\t\t\t<\/div>\n\t\t\t\t\t\t<\/div>\n\t\t\t\t<\/div>\n\t\t\t\t\t\t<\/div>\n\t\t\t\t\t<\/div>\n\t\t<\/div>\n\t\t\t\t<div class=\"elementor-column elementor-col-33 elementor-top-column elementor-element elementor-element-786261b\" data-id=\"786261b\" data-element_type=\"column\">\n\t\t\t<div class=\"elementor-column-wrap elementor-element-populated\">\n\t\t\t\t\t\t\t<div class=\"elementor-widget-wrap\">\n\t\t\t\t\t\t<div class=\"elementor-element elementor-element-b297f91 elementor-widget elementor-widget-image\" data-id=\"b297f91\" data-element_type=\"widget\" data-widget_type=\"image.default\">\n\t\t\t\t<div class=\"elementor-widget-container\">\n\t\t\t\t\t\t\t\t<div class=\"elementor-image\">\n\t\t\t\t\t\t\t\t\t\t\t\t\t<a href=\"\/produkte\/grojaprofiles\/leisten-profile\/\">\n\t\t\t\t\t\t\t<img width=\"500\" height=\"500\" src=\"https:\/\/echtewerbung.de\/groja\/wp-content\/uploads\/2020\/06\/groja-btc-leistungen-leisten-profile-500x500.png\" class=\"attachment-custom-portfolio-size size-custom-portfolio-size\" alt=\"GroJa Leistungen Leisten und Profile\" loading=\"lazy\" srcset=\"https:\/\/echtewerbung.de\/groja\/wp-content\/uploads\/2020\/06\/groja-btc-leistungen-leisten-profile-500x500.png 500w, https:\/\/echtewerbung.de\/groja\/wp-content\/uploads\/2020\/06\/groja-btc-leistungen-leisten-profile-300x300.png 300w, https:\/\/echtewerbung.de\/groja\/wp-content\/uploads\/2020\/06\/groja-btc-leistungen-leisten-profile-150x150.png 150w, https:\/\/echtewerbung.de\/groja\/wp-content\/uploads\/2020\/06\/groja-btc-leistungen-leisten-profile-768x768.png 768w, https:\/\/echtewerbung.de\/groja\/wp-content\/uploads\/2020\/06\/groja-btc-leistungen-leisten-profile.png 770w\" sizes=\"(max-width: 500px) 100vw, 500px\" \/>\t\t\t\t\t\t\t\t<\/a>\n\t\t\t\t\t\t\t\t\t\t\t\t\t\t<\/div>\n\t\t\t\t\t\t<\/div>\n\t\t\t\t<\/div>\n\t\t\t\t\t\t<\/div>\n\t\t\t\t\t<\/div>\n\t\t<\/div>\n\t\t\t\t<div class=\"elementor-column elementor-col-33 elementor-top-column elementor-element elementor-element-e2471c7\" data-id=\"e2471c7\" data-element_type=\"column\">\n\t\t\t<div class=\"elementor-column-wrap\">\n\t\t\t\t\t\t\t<div class=\"elementor-widget-wrap\">\n\t\t\t\t\t\t\t\t<\/div>\n\t\t\t\t\t<\/div>\n\t\t<\/div>\n\t\t\t\t\t\t\t\t<\/div>\n\t\t\t\t\t<\/div>\n\t\t<\/section>\n\t\t\t\t\t\t<\/div>\n\t\t\t\t\t\t<\/div>\n\t\t\t\t\t<\/div>\n\t\t","protected":false},"excerpt":{"rendered":"<p>GroJaProfilesWei\u00df kann jeder. Individuelle Dach- und Wandprofile. Vielfalt f\u00fcr Ihre Hausfassade Funktionalit\u00e4t und Optik f\u00fcr Ihr Haus Hochwertige Dach- und Wandprofile, Leisten und Klappladen verleihen Ihrem Haus das gewisse Etwas. Bestehend aus hochwertigem PVC, \u00fcberzeugen die Profile durch eine enorme Stabilit\u00e4t und Witterungsbest\u00e4ndigkeit. Unsere GroJa-Produkte sind nicht nur besonders pflegeleicht und funktional, sondern auch optisch [&hellip;]<\/p>\n","protected":false},"author":1,"featured_media":0,"parent":308,"menu_order":47,"comment_status":"closed","ping_status":"closed","template":"elementor_header_footer","meta":[],"yoast_head":"<!-- This site is optimized with the Yoast SEO plugin v19.4 - https:\/\/yoast.com\/wordpress\/plugins\/seo\/ -->\n<title>GroJaProfiles | Groen &amp; Janssen GmbH Kunststoffvertrieb<\/title>\n<meta name=\"description\" content=\"GroJaProfiles bietet Ihnen eine gro\u00dfe Vielfalt an Produkten f\u00fcr Ihre Hausfassade\u200b, beispielsweise Dach- und Wandprofile, Leisten und Profile.\" \/>\n<meta name=\"robots\" content=\"noindex, follow\" \/>\n<meta property=\"og:locale\" content=\"de_DE\" \/>\n<meta property=\"og:type\" content=\"article\" \/>\n<meta property=\"og:title\" content=\"GroJaProfiles | Groen &amp; Janssen GmbH Kunststoffvertrieb\" \/>\n<meta property=\"og:description\" content=\"GroJaProfiles bietet Ihnen eine gro\u00dfe Vielfalt an Produkten f\u00fcr Ihre Hausfassade\u200b, beispielsweise Dach- und Wandprofile, Leisten und Profile.\" \/>\n<meta property=\"og:url\" content=\"https:\/\/echtewerbung.de\/groja\/produkte\/grojaprofiles\/\" \/>\n<meta property=\"og:site_name\" content=\"GroJa\" \/>\n<meta property=\"article:publisher\" content=\"https:\/\/www.facebook.com\/groja24\/\" \/>\n<meta property=\"article:modified_time\" content=\"2020-10-30T12:21:54+00:00\" \/>\n<meta property=\"og:image\" content=\"https:\/\/echtewerbung.de\/groja\/wp-content\/uploads\/2020\/06\/groja-btc-leistungen-dach-wand-profile-500x500.png\" \/>\n<meta name=\"twitter:card\" content=\"summary_large_image\" \/>\n<script type=\"application\/ld+json\" class=\"yoast-schema-graph\">{\"@context\":\"https:\/\/schema.org\",\"@graph\":[{\"@type\":\"Organization\",\"@id\":\"https:\/\/echtewerbung.de\/groja\/#organization\",\"name\":\"Groen & Janssen GmbH Kunststoffvertrieb\",\"url\":\"https:\/\/echtewerbung.de\/groja\/\",\"sameAs\":[\"https:\/\/www.instagram.com\/groja_kunststoffvertrieb\/\",\"https:\/\/www.pinterest.de\/groja_kunststoffvertrieb\/\",\"https:\/\/www.youtube.com\/channel\/UC1XF-Gho5_Y4yqB7ADFupvg\",\"https:\/\/www.facebook.com\/groja24\/\"],\"logo\":{\"@type\":\"ImageObject\",\"inLanguage\":\"de\",\"@id\":\"https:\/\/echtewerbung.de\/groja\/#\/schema\/logo\/image\/\",\"url\":\"https:\/\/echtewerbung.de\/groja\/wp-content\/uploads\/2020\/06\/GroJa-LOGO.svg\",\"contentUrl\":\"https:\/\/echtewerbung.de\/groja\/wp-content\/uploads\/2020\/06\/GroJa-LOGO.svg\",\"caption\":\"Groen & Janssen GmbH Kunststoffvertrieb\"},\"image\":{\"@id\":\"https:\/\/echtewerbung.de\/groja\/#\/schema\/logo\/image\/\"}},{\"@type\":\"WebSite\",\"@id\":\"https:\/\/echtewerbung.de\/groja\/#website\",\"url\":\"https:\/\/echtewerbung.de\/groja\/\",\"name\":\"GroJa\",\"description\":\"Wettergepr\u00fcfte Qualit\u00e4t f\u00fcr Haus und Garten\",\"publisher\":{\"@id\":\"https:\/\/echtewerbung.de\/groja\/#organization\"},\"potentialAction\":[{\"@type\":\"SearchAction\",\"target\":{\"@type\":\"EntryPoint\",\"urlTemplate\":\"https:\/\/echtewerbung.de\/groja\/?s={search_term_string}\"},\"query-input\":\"required name=search_term_string\"}],\"inLanguage\":\"de\"},{\"@type\":\"WebPage\",\"@id\":\"https:\/\/echtewerbung.de\/groja\/produkte\/grojaprofiles\/\",\"url\":\"https:\/\/echtewerbung.de\/groja\/produkte\/grojaprofiles\/\",\"name\":\"GroJaProfiles | Groen & Janssen GmbH Kunststoffvertrieb\",\"isPartOf\":{\"@id\":\"https:\/\/echtewerbung.de\/groja\/#website\"},\"datePublished\":\"2020-06-23T08:57:54+00:00\",\"dateModified\":\"2020-10-30T12:21:54+00:00\",\"description\":\"GroJaProfiles bietet Ihnen eine gro\u00dfe Vielfalt an Produkten f\u00fcr Ihre Hausfassade\u200b, beispielsweise Dach- und Wandprofile, Leisten und Profile.\",\"breadcrumb\":{\"@id\":\"https:\/\/echtewerbung.de\/groja\/produkte\/grojaprofiles\/#breadcrumb\"},\"inLanguage\":\"de\",\"potentialAction\":[{\"@type\":\"ReadAction\",\"target\":[\"https:\/\/echtewerbung.de\/groja\/produkte\/grojaprofiles\/\"]}]},{\"@type\":\"BreadcrumbList\",\"@id\":\"https:\/\/echtewerbung.de\/groja\/produkte\/grojaprofiles\/#breadcrumb\",\"itemListElement\":[{\"@type\":\"ListItem\",\"position\":1,\"name\":\"Startseite\",\"item\":\"https:\/\/echtewerbung.de\/groja\/\"},{\"@type\":\"ListItem\",\"position\":2,\"name\":\"Produkte\",\"item\":\"https:\/\/echtewerbung.de\/groja\/produkte\/\"},{\"@type\":\"ListItem\",\"position\":3,\"name\":\"GroJaProfiles\"}]}]}<\/script>\n<!-- \/ Yoast SEO plugin. -->","yoast_head_json":{"title":"GroJaProfiles | Groen & Janssen GmbH Kunststoffvertrieb","description":"GroJaProfiles bietet Ihnen eine gro\u00dfe Vielfalt an Produkten f\u00fcr Ihre Hausfassade\u200b, beispielsweise Dach- und Wandprofile, Leisten und Profile.","robots":{"index":"noindex","follow":"follow"},"og_locale":"de_DE","og_type":"article","og_title":"GroJaProfiles | Groen & Janssen GmbH Kunststoffvertrieb","og_description":"GroJaProfiles bietet Ihnen eine gro\u00dfe Vielfalt an Produkten f\u00fcr Ihre Hausfassade\u200b, beispielsweise Dach- und Wandprofile, Leisten und Profile.","og_url":"https:\/\/echtewerbung.de\/groja\/produkte\/grojaprofiles\/","og_site_name":"GroJa","article_publisher":"https:\/\/www.facebook.com\/groja24\/","article_modified_time":"2020-10-30T12:21:54+00:00","og_image":[{"url":"https:\/\/echtewerbung.de\/groja\/wp-content\/uploads\/2020\/06\/groja-btc-leistungen-dach-wand-profile-500x500.png"}],"twitter_card":"summary_large_image","schema":{"@context":"https:\/\/schema.org","@graph":[{"@type":"Organization","@id":"https:\/\/echtewerbung.de\/groja\/#organization","name":"Groen & Janssen GmbH Kunststoffvertrieb","url":"https:\/\/echtewerbung.de\/groja\/","sameAs":["https:\/\/www.instagram.com\/groja_kunststoffvertrieb\/","https:\/\/www.pinterest.de\/groja_kunststoffvertrieb\/","https:\/\/www.youtube.com\/channel\/UC1XF-Gho5_Y4yqB7ADFupvg","https:\/\/www.facebook.com\/groja24\/"],"logo":{"@type":"ImageObject","inLanguage":"de","@id":"https:\/\/echtewerbung.de\/groja\/#\/schema\/logo\/image\/","url":"https:\/\/echtewerbung.de\/groja\/wp-content\/uploads\/2020\/06\/GroJa-LOGO.svg","contentUrl":"https:\/\/echtewerbung.de\/groja\/wp-content\/uploads\/2020\/06\/GroJa-LOGO.svg","caption":"Groen & Janssen GmbH Kunststoffvertrieb"},"image":{"@id":"https:\/\/echtewerbung.de\/groja\/#\/schema\/logo\/image\/"}},{"@type":"WebSite","@id":"https:\/\/echtewerbung.de\/groja\/#website","url":"https:\/\/echtewerbung.de\/groja\/","name":"GroJa","description":"Wettergepr\u00fcfte Qualit\u00e4t f\u00fcr Haus und Garten","publisher":{"@id":"https:\/\/echtewerbung.de\/groja\/#organization"},"potentialAction":[{"@type":"SearchAction","target":{"@type":"EntryPoint","urlTemplate":"https:\/\/echtewerbung.de\/groja\/?s={search_term_string}"},"query-input":"required name=search_term_string"}],"inLanguage":"de"},{"@type":"WebPage","@id":"https:\/\/echtewerbung.de\/groja\/produkte\/grojaprofiles\/","url":"https:\/\/echtewerbung.de\/groja\/produkte\/grojaprofiles\/","name":"GroJaProfiles | Groen & Janssen GmbH Kunststoffvertrieb","isPartOf":{"@id":"https:\/\/echtewerbung.de\/groja\/#website"},"datePublished":"2020-06-23T08:57:54+00:00","dateModified":"2020-10-30T12:21:54+00:00","description":"GroJaProfiles bietet Ihnen eine gro\u00dfe Vielfalt an Produkten f\u00fcr Ihre Hausfassade\u200b, beispielsweise Dach- und Wandprofile, Leisten und Profile.","breadcrumb":{"@id":"https:\/\/echtewerbung.de\/groja\/produkte\/grojaprofiles\/#breadcrumb"},"inLanguage":"de","potentialAction":[{"@type":"ReadAction","target":["https:\/\/echtewerbung.de\/groja\/produkte\/grojaprofiles\/"]}]},{"@type":"BreadcrumbList","@id":"https:\/\/echtewerbung.de\/groja\/produkte\/grojaprofiles\/#breadcrumb","itemListElement":[{"@type":"ListItem","position":1,"name":"Startseite","item":"https:\/\/echtewerbung.de\/groja\/"},{"@type":"ListItem","position":2,"name":"Produkte","item":"https:\/\/echtewerbung.de\/groja\/produkte\/"},{"@type":"ListItem","position":3,"name":"GroJaProfiles"}]}]}},"_links":{"self":[{"href":"https:\/\/echtewerbung.de\/groja\/wp-json\/wp\/v2\/pages\/427"}],"collection":[{"href":"https:\/\/echtewerbung.de\/groja\/wp-json\/wp\/v2\/pages"}],"about":[{"href":"https:\/\/echtewerbung.de\/groja\/wp-json\/wp\/v2\/types\/page"}],"author":[{"embeddable":true,"href":"https:\/\/echtewerbung.de\/groja\/wp-json\/wp\/v2\/users\/1"}],"replies":[{"embeddable":true,"href":"https:\/\/echtewerbung.de\/groja\/wp-json\/wp\/v2\/comments?post=427"}],"version-history":[{"count":10,"href":"https:\/\/echtewerbung.de\/groja\/wp-json\/wp\/v2\/pages\/427\/revisions"}],"predecessor-version":[{"id":5049,"href":"https:\/\/echtewerbung.de\/groja\/wp-json\/wp\/v2\/pages\/427\/revisions\/5049"}],"up":[{"embeddable":true,"href":"https:\/\/echtewerbung.de\/groja\/wp-json\/wp\/v2\/pages\/308"}],"wp:attachment":[{"href":"https:\/\/echtewerbung.de\/groja\/wp-json\/wp\/v2\/media?parent=427"}],"curies":[{"name":"wp","href":"https:\/\/api.w.org\/{rel}","templated":true}]}}