{"id":878,"date":"2020-06-26T08:20:44","date_gmt":"2020-06-26T06:20:44","guid":{"rendered":"https:\/\/echtewerbung.de\/groja\/?page_id=878"},"modified":"2020-10-05T10:52:46","modified_gmt":"2020-10-05T08:52:46","slug":"impressum","status":"publish","type":"page","link":"https:\/\/echtewerbung.de\/groja\/impressum\/","title":{"rendered":"Impressum"},"content":{"rendered":"\t\t<div data-elementor-type=\"wp-page\" data-elementor-id=\"878\" class=\"elementor elementor-878\" data-elementor-settings=\"[]\">\n\t\t\t\t\t\t<div class=\"elementor-inner\">\n\t\t\t\t\t\t\t<div class=\"elementor-section-wrap\">\n\t\t\t\t\t\t\t<section class=\"elementor-section elementor-top-section elementor-element elementor-element-1a66946 elementor-section-full_width elementor-section-height-default elementor-section-height-default\" data-id=\"1a66946\" data-element_type=\"section\">\n\t\t\t\t\t\t<div class=\"elementor-container elementor-column-gap-no\">\n\t\t\t\t\t\t\t<div class=\"elementor-row\">\n\t\t\t\t\t<div class=\"elementor-column elementor-col-100 elementor-top-column elementor-element elementor-element-15081f0\" data-id=\"15081f0\" data-element_type=\"column\">\n\t\t\t<div class=\"elementor-column-wrap elementor-element-populated\">\n\t\t\t\t\t\t\t<div class=\"elementor-widget-wrap\">\n\t\t\t\t\t\t<div class=\"elementor-element elementor-element-3dbd691 elementor-widget elementor-widget-heading\" data-id=\"3dbd691\" data-element_type=\"widget\" data-widget_type=\"heading.default\">\n\t\t\t\t<div class=\"elementor-widget-container\">\n\t\t\t<h1 class=\"elementor-heading-title elementor-size-default\">Impressum<\/h1>\t\t<\/div>\n\t\t\t\t<\/div>\n\t\t\t\t<div class=\"elementor-element elementor-element-7726faa elementor-pagination-position-outside elementor--h-position-center elementor--v-position-middle elementor-widget elementor-widget-slides\" data-id=\"7726faa\" data-element_type=\"widget\" data-settings=\"{&quot;navigation&quot;:&quot;dots&quot;,&quot;infinite&quot;:&quot;yes&quot;,&quot;transition&quot;:&quot;slide&quot;,&quot;transition_speed&quot;:500}\" data-widget_type=\"slides.default\">\n\t\t\t\t<div class=\"elementor-widget-container\">\n\t\t\t\t\t<div class=\"elementor-swiper\">\n\t\t\t<div class=\"elementor-slides-wrapper elementor-main-swiper swiper-container\" dir=\"ltr\" data-animation=\"\">\n\t\t\t\t<div class=\"swiper-wrapper elementor-slides\">\n\t\t\t\t\t\t\t\t\t\t<div class=\"elementor-repeater-item-0137e79 swiper-slide\"><div class=\"swiper-slide-bg\"><\/div><div class=\"swiper-slide-inner\" ><div class=\"swiper-slide-contents\"><\/div><\/div><\/div>\t\t\t\t<\/div>\n\t\t\t\t\t\t\t<\/div>\n\t\t<\/div>\n\t\t\t\t<\/div>\n\t\t\t\t<\/div>\n\t\t\t\t\t\t<\/div>\n\t\t\t\t\t<\/div>\n\t\t<\/div>\n\t\t\t\t\t\t\t\t<\/div>\n\t\t\t\t\t<\/div>\n\t\t<\/section>\n\t\t\t\t<section class=\"elementor-section elementor-top-section elementor-element elementor-element-4b1429d3 elementor-section-boxed elementor-section-height-default elementor-section-height-default\" data-id=\"4b1429d3\" data-element_type=\"section\">\n\t\t\t\t\t\t<div class=\"elementor-container elementor-column-gap-no\">\n\t\t\t\t\t\t\t<div class=\"elementor-row\">\n\t\t\t\t\t<div class=\"elementor-column elementor-col-100 elementor-top-column elementor-element elementor-element-221148b1\" data-id=\"221148b1\" data-element_type=\"column\">\n\t\t\t<div class=\"elementor-column-wrap elementor-element-populated\">\n\t\t\t\t\t\t\t<div class=\"elementor-widget-wrap\">\n\t\t\t\t\t\t<div class=\"elementor-element elementor-element-2ee3e942 elementor-align-left elementor-widget elementor-widget-breadcrumbs\" data-id=\"2ee3e942\" data-element_type=\"widget\" data-widget_type=\"breadcrumbs.default\">\n\t\t\t\t<div class=\"elementor-widget-container\">\n\t\t\t<span id=\"breadcrumbs\"><span><span><a href=\"https:\/\/echtewerbung.de\/groja\/\">Startseite<\/a><\/span><\/span>\t\t<\/div>\n\t\t\t\t<\/div>\n\t\t\t\t\t\t<\/div>\n\t\t\t\t\t<\/div>\n\t\t<\/div>\n\t\t\t\t\t\t\t\t<\/div>\n\t\t\t\t\t<\/div>\n\t\t<\/section>\n\t\t\t\t<section class=\"elementor-section elementor-top-section elementor-element elementor-element-6b5d7a0f elementor-section-boxed elementor-section-height-default elementor-section-height-default\" data-id=\"6b5d7a0f\" data-element_type=\"section\">\n\t\t\t\t\t\t<div class=\"elementor-container elementor-column-gap-wider\">\n\t\t\t\t\t\t\t<div class=\"elementor-row\">\n\t\t\t\t\t<div class=\"elementor-column elementor-col-25 elementor-top-column elementor-element elementor-element-3894972e\" data-id=\"3894972e\" data-element_type=\"column\" data-settings=\"{&quot;background_background&quot;:&quot;classic&quot;}\">\n\t\t\t<div class=\"elementor-column-wrap elementor-element-populated\">\n\t\t\t\t\t\t\t<div class=\"elementor-widget-wrap\">\n\t\t\t\t\t\t<div class=\"elementor-element elementor-element-3b85fd25 elementor-widget elementor-widget-text-editor\" data-id=\"3b85fd25\" data-element_type=\"widget\" data-widget_type=\"text-editor.default\">\n\t\t\t\t<div class=\"elementor-widget-container\">\n\t\t\t\t\t\t\t\t<div class=\"elementor-text-editor elementor-clearfix\">\n\t\t\t\t<p><strong>Angaben gem\u00e4\u00df \u00a75 TMG<\/strong><\/p><p>Groen &amp; Janssen GmbH Kunststoffvertrieb<\/p><p>Gewerbestrasse 16<br \/>26624 S\u00fcdbrookmerland<\/p>\t\t\t\t\t<\/div>\n\t\t\t\t\t\t<\/div>\n\t\t\t\t<\/div>\n\t\t\t\t<div class=\"elementor-element elementor-element-78e630fe elementor-widget elementor-widget-text-editor\" data-id=\"78e630fe\" data-element_type=\"widget\" data-widget_type=\"text-editor.default\">\n\t\t\t\t<div class=\"elementor-widget-container\">\n\t\t\t\t\t\t\t\t<div class=\"elementor-text-editor elementor-clearfix\">\n\t\t\t\t<p><strong>Vertreten durch<\/strong><\/p><p><strong>Inhaber<br \/><\/strong>Holger Groen<\/p>\t\t\t\t\t<\/div>\n\t\t\t\t\t\t<\/div>\n\t\t\t\t<\/div>\n\t\t\t\t\t\t<\/div>\n\t\t\t\t\t<\/div>\n\t\t<\/div>\n\t\t\t\t<div class=\"elementor-column elementor-col-25 elementor-top-column elementor-element elementor-element-62b5b593\" data-id=\"62b5b593\" data-element_type=\"column\">\n\t\t\t<div class=\"elementor-column-wrap elementor-element-populated\">\n\t\t\t\t\t\t\t<div class=\"elementor-widget-wrap\">\n\t\t\t\t\t\t<div class=\"elementor-element elementor-element-15b8fdce elementor-widget elementor-widget-text-editor\" data-id=\"15b8fdce\" data-element_type=\"widget\" data-widget_type=\"text-editor.default\">\n\t\t\t\t<div class=\"elementor-widget-container\">\n\t\t\t\t\t\t\t\t<div class=\"elementor-text-editor elementor-clearfix\">\n\t\t\t\t<p><strong>Registergericht:<br \/><\/strong>Aurich<br \/><strong><br \/>Registernummer:<br \/><\/strong>Handelsregister: HRB 634<\/p><p><strong><br \/>Kontakt<\/strong><br \/>Tel. <a href=\"tel:0494299250\">04942 99 25-0<\/a><br \/><a href=\"mailto:info@groja.de\">info@groja.de<\/a><\/p>\t\t\t\t\t<\/div>\n\t\t\t\t\t\t<\/div>\n\t\t\t\t<\/div>\n\t\t\t\t\t\t<\/div>\n\t\t\t\t\t<\/div>\n\t\t<\/div>\n\t\t\t\t<div class=\"elementor-column elementor-col-25 elementor-top-column elementor-element elementor-element-1853dfa3\" data-id=\"1853dfa3\" data-element_type=\"column\">\n\t\t\t<div class=\"elementor-column-wrap elementor-element-populated\">\n\t\t\t\t\t\t\t<div class=\"elementor-widget-wrap\">\n\t\t\t\t\t\t<div class=\"elementor-element elementor-element-4abb43a4 elementor-widget elementor-widget-text-editor\" data-id=\"4abb43a4\" data-element_type=\"widget\" data-widget_type=\"text-editor.default\">\n\t\t\t\t<div class=\"elementor-widget-container\">\n\t\t\t\t\t\t\t\t<div class=\"elementor-text-editor elementor-clearfix\">\n\t\t\t\t<p><strong>Umsatzsteuer-ID<\/strong><br \/>Umsatzsteuer-Identifikationsnummer gem\u00e4\u00df \u00a7 27 a Umsatzsteuergesetz: DE116993806<br \/><br \/><strong>Verantwortlich f\u00fcr den Inhalt\u00a0<\/strong><strong>nach \u00a7 55 Abs. 2 RStV<\/strong><\/p><p>Holger Groen<\/p><p><br \/>Groen &amp; Janssen GmbH Kunststoffvertrieb<br \/>Gewerbestrasse 16<br \/>26624 S\u00fcdbrookmerland<\/p>\t\t\t\t\t<\/div>\n\t\t\t\t\t\t<\/div>\n\t\t\t\t<\/div>\n\t\t\t\t\t\t<\/div>\n\t\t\t\t\t<\/div>\n\t\t<\/div>\n\t\t\t\t<div class=\"elementor-column elementor-col-25 elementor-top-column elementor-element elementor-element-3bea2525\" data-id=\"3bea2525\" data-element_type=\"column\">\n\t\t\t<div class=\"elementor-column-wrap elementor-element-populated\">\n\t\t\t\t\t\t\t<div class=\"elementor-widget-wrap\">\n\t\t\t\t\t\t<div class=\"elementor-element elementor-element-354bb84 elementor-widget elementor-widget-image\" data-id=\"354bb84\" data-element_type=\"widget\" data-widget_type=\"image.default\">\n\t\t\t\t<div class=\"elementor-widget-container\">\n\t\t\t\t\t\t\t\t<div class=\"elementor-image\">\n\t\t\t\t\t\t\t\t\t\t\t\t\t<a href=\"https:\/\/designstuuv.de\" target=\"_blank\">\n\t\t\t\t\t\t\t<img width=\"400\" height=\"370\" src=\"https:\/\/echtewerbung.de\/groja\/wp-content\/uploads\/2020\/07\/login-logo.png\" class=\"attachment-large size-large\" alt=\"\" loading=\"lazy\" srcset=\"https:\/\/echtewerbung.de\/groja\/wp-content\/uploads\/2020\/07\/login-logo.png 400w, https:\/\/echtewerbung.de\/groja\/wp-content\/uploads\/2020\/07\/login-logo-300x278.png 300w\" sizes=\"(max-width: 400px) 100vw, 400px\" \/>\t\t\t\t\t\t\t\t<\/a>\n\t\t\t\t\t\t\t\t\t\t\t\t\t\t<\/div>\n\t\t\t\t\t\t<\/div>\n\t\t\t\t<\/div>\n\t\t\t\t<div class=\"elementor-element elementor-element-56ade4a1 elementor-widget elementor-widget-text-editor\" data-id=\"56ade4a1\" data-element_type=\"widget\" data-widget_type=\"text-editor.default\">\n\t\t\t\t<div class=\"elementor-widget-container\">\n\t\t\t\t\t\t\t\t<div class=\"elementor-text-editor elementor-clearfix\">\n\t\t\t\t<p><strong>Konzeption | Gestaltung<br \/>Programmierung<\/strong><\/p><p>DESIGNSTUUV Werbeagentur<br \/>GmbH &amp; Co. KG<\/p><p><a href=\"https:\/\/designstuuv.de\/\" target=\"_blank\" rel=\"noopener\">www.designstuuv.de<\/a><\/p>\t\t\t\t\t<\/div>\n\t\t\t\t\t\t<\/div>\n\t\t\t\t<\/div>\n\t\t\t\t\t\t<\/div>\n\t\t\t\t\t<\/div>\n\t\t<\/div>\n\t\t\t\t\t\t\t\t<\/div>\n\t\t\t\t\t<\/div>\n\t\t<\/section>\n\t\t\t\t<section class=\"elementor-section elementor-top-section elementor-element elementor-element-59a50129 elementor-section-boxed elementor-section-height-default elementor-section-height-default\" data-id=\"59a50129\" data-element_type=\"section\">\n\t\t\t\t\t\t<div class=\"elementor-container elementor-column-gap-wider\">\n\t\t\t\t\t\t\t<div class=\"elementor-row\">\n\t\t\t\t\t<div class=\"elementor-column elementor-col-100 elementor-top-column elementor-element elementor-element-24678cb3\" data-id=\"24678cb3\" data-element_type=\"column\">\n\t\t\t<div class=\"elementor-column-wrap elementor-element-populated\">\n\t\t\t\t\t\t\t<div class=\"elementor-widget-wrap\">\n\t\t\t\t\t\t<div class=\"elementor-element elementor-element-7487ed76 elementor-widget elementor-widget-text-editor\" data-id=\"7487ed76\" data-element_type=\"widget\" data-widget_type=\"text-editor.default\">\n\t\t\t\t<div class=\"elementor-widget-container\">\n\t\t\t\t\t\t\t\t<div class=\"elementor-text-editor elementor-clearfix\">\n\t\t\t\t<h2>EU-Streitschlichtung<\/h2><p>Die Europ\u00e4ische Kommission stellt eine Plattform zur Online-Streitbeilegung (OS) bereit: <a href=\"https:\/\/ec.europa.eu\/consumers\/odr\" target=\"_blank\" rel=\"noopener noreferrer\">https:\/\/ec.europa.eu\/consumers\/odr<\/a>.<br \/>Unsere E-Mail-Adresse finden Sie oben im Impressum.<\/p><h2>Verbraucher\u00adstreit\u00adbeilegung\/Universal\u00adschlichtungs\u00adstelle<\/h2><p>Wir sind nicht bereit oder verpflichtet, an Streitbeilegungsverfahren vor einer Verbraucherschlichtungsstelle teilzunehmen.<\/p><p>\u00a0<\/p><p><strong>Haftung f\u00fcr Inhalte<\/strong><\/p><p>Als Diensteanbieter sind wir gem\u00e4\u00df \u00a7 7 Abs.1 TMG f\u00fcr eigene Inhalte auf diesen Seiten nach den allgemeinen Gesetzen verantwortlich. Nach \u00a7\u00a7 8 bis 10 TMG sind wir als Diensteanbieter jedoch nicht verpflichtet, \u00fcbermittelte oder gespeicherte fremde Informationen zu \u00fcberwachen oder nach Umst\u00e4nden zu forschen, die auf eine rechtswidrige T\u00e4tigkeit hinweisen.<\/p><p>Verpflichtungen zur Entfernung oder Sperrung der Nutzung von Informationen nach den allgemeinen Gesetzen bleiben hiervon unber\u00fchrt. Eine diesbez\u00fcgliche Haftung ist jedoch erst ab dem Zeitpunkt der Kenntnis einer konkreten Rechtsverletzung m\u00f6glich. Bei Bekanntwerden von entsprechenden Rechtsverletzungen werden wir diese Inhalte umgehend entfernen.<\/p><p>\u00a0<\/p><p><strong>Haftung f\u00fcr Links<\/strong><\/p><p>Unser Angebot enth\u00e4lt Links zu externen Websites Dritter, auf deren Inhalte wir keinen Einfluss haben. Deshalb k\u00f6nnen wir f\u00fcr diese fremden Inhalte auch keine Gew\u00e4hr \u00fcbernehmen. F\u00fcr die Inhalte der verlinkten Seiten ist stets der jeweilige Anbieter oder Betreiber der Seiten verantwortlich. Die verlinkten Seiten wurden zum Zeitpunkt der Verlinkung auf m\u00f6gliche Rechtsverst\u00f6\u00dfe \u00fcberpr\u00fcft. Rechtswidrige Inhalte waren zum Zeitpunkt der Verlinkung nicht erkennbar.<\/p><p>Eine permanente inhaltliche Kontrolle der verlinkten Seiten ist jedoch ohne konkrete Anhaltspunkte einer Rechtsverletzung nicht zumutbar. Bei Bekanntwerden von Rechtsverletzungen werden wir derartige Links umgehend entfernen.<\/p><p>\u00a0<\/p><p><strong>Urheberrecht<\/strong><\/p><p>Die durch die Seitenbetreiber erstellten Inhalte und Werke auf diesen Seiten unterliegen dem deutschen Urheberrecht. Die Vervielf\u00e4ltigung, Bearbeitung, Verbreitung und jede Art der Verwertung au\u00dferhalb der Grenzen des Urheberrechtes bed\u00fcrfen der schriftlichen Zustimmung des jeweiligen Autors bzw. Erstellers. Downloads und Kopien dieser Seite sind nur f\u00fcr den privaten, nicht kommerziellen Gebrauch gestattet.<\/p><p>Soweit die Inhalte auf dieser Seite nicht vom Betreiber erstellt wurden, werden die Urheberrechte Dritter beachtet. Insbesondere werden Inhalte Dritter als solche gekennzeichnet. Sollten Sie trotzdem auf eine Urheberrechtsverletzung aufmerksam werden, bitten wir um einen entsprechenden Hinweis. Bei Bekanntwerden von Rechtsverletzungen werden wir derartige Inhalte umgehend entfernen.<\/p>\t\t\t\t\t<\/div>\n\t\t\t\t\t\t<\/div>\n\t\t\t\t<\/div>\n\t\t\t\t\t\t<\/div>\n\t\t\t\t\t<\/div>\n\t\t<\/div>\n\t\t\t\t\t\t\t\t<\/div>\n\t\t\t\t\t<\/div>\n\t\t<\/section>\n\t\t\t\t\t\t<\/div>\n\t\t\t\t\t\t<\/div>\n\t\t\t\t\t<\/div>\n\t\t","protected":false},"excerpt":{"rendered":"<p>Impressum Angaben gem\u00e4\u00df \u00a75 TMG Groen &amp; Janssen GmbH Kunststoffvertrieb Gewerbestrasse 1626624 S\u00fcdbrookmerland Vertreten durch InhaberHolger Groen Registergericht:AurichRegisternummer:Handelsregister: HRB 634 KontaktTel. 04942 99 25-0info@groja.de Umsatzsteuer-IDUmsatzsteuer-Identifikationsnummer gem\u00e4\u00df \u00a7 27 a Umsatzsteuergesetz: DE116993806 Verantwortlich f\u00fcr den Inhalt\u00a0nach \u00a7 55 Abs. 2 RStV Holger Groen Groen &amp; Janssen GmbH KunststoffvertriebGewerbestrasse 1626624 S\u00fcdbrookmerland Konzeption | GestaltungProgrammierung DESIGNSTUUV WerbeagenturGmbH &amp; [&hellip;]<\/p>\n","protected":false},"author":1,"featured_media":0,"parent":0,"menu_order":64,"comment_status":"closed","ping_status":"closed","template":"elementor_header_footer","meta":[],"yoast_head":"<!-- This site is optimized with the Yoast SEO plugin v19.4 - https:\/\/yoast.com\/wordpress\/plugins\/seo\/ -->\n<title>Impressum | Groen &amp; Janssen GmbH Kunststoffvertrieb<\/title>\n<meta name=\"description\" content=\"Impressum von GROEN &amp; JANSSEN GmbH Kunststoffvertrieb, Gewerbestrasse 16, 26624 S\u00fcdbrookmerland OT Georgsheil, Deutschland\" \/>\n<meta name=\"robots\" content=\"noindex, follow\" \/>\n<meta property=\"og:locale\" content=\"de_DE\" \/>\n<meta property=\"og:type\" content=\"article\" \/>\n<meta property=\"og:title\" content=\"Impressum | Groen &amp; Janssen GmbH Kunststoffvertrieb\" \/>\n<meta property=\"og:description\" content=\"Impressum von GROEN &amp; JANSSEN GmbH Kunststoffvertrieb, Gewerbestrasse 16, 26624 S\u00fcdbrookmerland OT Georgsheil, Deutschland\" \/>\n<meta property=\"og:url\" content=\"https:\/\/echtewerbung.de\/groja\/impressum\/\" \/>\n<meta property=\"og:site_name\" content=\"GroJa\" \/>\n<meta property=\"article:publisher\" content=\"https:\/\/www.facebook.com\/groja24\/\" \/>\n<meta property=\"article:modified_time\" content=\"2020-10-05T08:52:46+00:00\" \/>\n<meta property=\"og:image\" content=\"https:\/\/echtewerbung.de\/groja\/wp-content\/uploads\/2020\/07\/login-logo.png\" \/>\n<meta name=\"twitter:card\" content=\"summary_large_image\" \/>\n<meta name=\"twitter:label1\" content=\"Gesch\u00e4tzte Lesezeit\" \/>\n\t<meta name=\"twitter:data1\" content=\"2\u00a0Minuten\" \/>\n<script type=\"application\/ld+json\" class=\"yoast-schema-graph\">{\"@context\":\"https:\/\/schema.org\",\"@graph\":[{\"@type\":\"Organization\",\"@id\":\"https:\/\/echtewerbung.de\/groja\/#organization\",\"name\":\"Groen & Janssen GmbH Kunststoffvertrieb\",\"url\":\"https:\/\/echtewerbung.de\/groja\/\",\"sameAs\":[\"https:\/\/www.instagram.com\/groja_kunststoffvertrieb\/\",\"https:\/\/www.pinterest.de\/groja_kunststoffvertrieb\/\",\"https:\/\/www.youtube.com\/channel\/UC1XF-Gho5_Y4yqB7ADFupvg\",\"https:\/\/www.facebook.com\/groja24\/\"],\"logo\":{\"@type\":\"ImageObject\",\"inLanguage\":\"de\",\"@id\":\"https:\/\/echtewerbung.de\/groja\/#\/schema\/logo\/image\/\",\"url\":\"https:\/\/echtewerbung.de\/groja\/wp-content\/uploads\/2020\/06\/GroJa-LOGO.svg\",\"contentUrl\":\"https:\/\/echtewerbung.de\/groja\/wp-content\/uploads\/2020\/06\/GroJa-LOGO.svg\",\"caption\":\"Groen & Janssen GmbH Kunststoffvertrieb\"},\"image\":{\"@id\":\"https:\/\/echtewerbung.de\/groja\/#\/schema\/logo\/image\/\"}},{\"@type\":\"WebSite\",\"@id\":\"https:\/\/echtewerbung.de\/groja\/#website\",\"url\":\"https:\/\/echtewerbung.de\/groja\/\",\"name\":\"GroJa\",\"description\":\"Wettergepr\u00fcfte Qualit\u00e4t f\u00fcr Haus und Garten\",\"publisher\":{\"@id\":\"https:\/\/echtewerbung.de\/groja\/#organization\"},\"potentialAction\":[{\"@type\":\"SearchAction\",\"target\":{\"@type\":\"EntryPoint\",\"urlTemplate\":\"https:\/\/echtewerbung.de\/groja\/?s={search_term_string}\"},\"query-input\":\"required name=search_term_string\"}],\"inLanguage\":\"de\"},{\"@type\":\"WebPage\",\"@id\":\"https:\/\/echtewerbung.de\/groja\/impressum\/\",\"url\":\"https:\/\/echtewerbung.de\/groja\/impressum\/\",\"name\":\"Impressum | Groen & Janssen GmbH Kunststoffvertrieb\",\"isPartOf\":{\"@id\":\"https:\/\/echtewerbung.de\/groja\/#website\"},\"datePublished\":\"2020-06-26T06:20:44+00:00\",\"dateModified\":\"2020-10-05T08:52:46+00:00\",\"description\":\"Impressum von GROEN & JANSSEN GmbH Kunststoffvertrieb, Gewerbestrasse 16, 26624 S\u00fcdbrookmerland OT Georgsheil, Deutschland\",\"breadcrumb\":{\"@id\":\"https:\/\/echtewerbung.de\/groja\/impressum\/#breadcrumb\"},\"inLanguage\":\"de\",\"potentialAction\":[{\"@type\":\"ReadAction\",\"target\":[\"https:\/\/echtewerbung.de\/groja\/impressum\/\"]}]},{\"@type\":\"BreadcrumbList\",\"@id\":\"https:\/\/echtewerbung.de\/groja\/impressum\/#breadcrumb\",\"itemListElement\":[{\"@type\":\"ListItem\",\"position\":1,\"name\":\"Startseite\",\"item\":\"https:\/\/echtewerbung.de\/groja\/\"},{\"@type\":\"ListItem\",\"position\":2,\"name\":\"Impressum\"}]}]}<\/script>\n<!-- \/ Yoast SEO plugin. -->","yoast_head_json":{"title":"Impressum | Groen & Janssen GmbH Kunststoffvertrieb","description":"Impressum von GROEN & JANSSEN GmbH Kunststoffvertrieb, Gewerbestrasse 16, 26624 S\u00fcdbrookmerland OT Georgsheil, Deutschland","robots":{"index":"noindex","follow":"follow"},"og_locale":"de_DE","og_type":"article","og_title":"Impressum | Groen & Janssen GmbH Kunststoffvertrieb","og_description":"Impressum von GROEN & JANSSEN GmbH Kunststoffvertrieb, Gewerbestrasse 16, 26624 S\u00fcdbrookmerland OT Georgsheil, Deutschland","og_url":"https:\/\/echtewerbung.de\/groja\/impressum\/","og_site_name":"GroJa","article_publisher":"https:\/\/www.facebook.com\/groja24\/","article_modified_time":"2020-10-05T08:52:46+00:00","og_image":[{"url":"https:\/\/echtewerbung.de\/groja\/wp-content\/uploads\/2020\/07\/login-logo.png"}],"twitter_card":"summary_large_image","twitter_misc":{"Gesch\u00e4tzte Lesezeit":"2\u00a0Minuten"},"schema":{"@context":"https:\/\/schema.org","@graph":[{"@type":"Organization","@id":"https:\/\/echtewerbung.de\/groja\/#organization","name":"Groen & Janssen GmbH Kunststoffvertrieb","url":"https:\/\/echtewerbung.de\/groja\/","sameAs":["https:\/\/www.instagram.com\/groja_kunststoffvertrieb\/","https:\/\/www.pinterest.de\/groja_kunststoffvertrieb\/","https:\/\/www.youtube.com\/channel\/UC1XF-Gho5_Y4yqB7ADFupvg","https:\/\/www.facebook.com\/groja24\/"],"logo":{"@type":"ImageObject","inLanguage":"de","@id":"https:\/\/echtewerbung.de\/groja\/#\/schema\/logo\/image\/","url":"https:\/\/echtewerbung.de\/groja\/wp-content\/uploads\/2020\/06\/GroJa-LOGO.svg","contentUrl":"https:\/\/echtewerbung.de\/groja\/wp-content\/uploads\/2020\/06\/GroJa-LOGO.svg","caption":"Groen & Janssen GmbH Kunststoffvertrieb"},"image":{"@id":"https:\/\/echtewerbung.de\/groja\/#\/schema\/logo\/image\/"}},{"@type":"WebSite","@id":"https:\/\/echtewerbung.de\/groja\/#website","url":"https:\/\/echtewerbung.de\/groja\/","name":"GroJa","description":"Wettergepr\u00fcfte Qualit\u00e4t f\u00fcr Haus und Garten","publisher":{"@id":"https:\/\/echtewerbung.de\/groja\/#organization"},"potentialAction":[{"@type":"SearchAction","target":{"@type":"EntryPoint","urlTemplate":"https:\/\/echtewerbung.de\/groja\/?s={search_term_string}"},"query-input":"required name=search_term_string"}],"inLanguage":"de"},{"@type":"WebPage","@id":"https:\/\/echtewerbung.de\/groja\/impressum\/","url":"https:\/\/echtewerbung.de\/groja\/impressum\/","name":"Impressum | Groen & Janssen GmbH Kunststoffvertrieb","isPartOf":{"@id":"https:\/\/echtewerbung.de\/groja\/#website"},"datePublished":"2020-06-26T06:20:44+00:00","dateModified":"2020-10-05T08:52:46+00:00","description":"Impressum von GROEN & JANSSEN GmbH Kunststoffvertrieb, Gewerbestrasse 16, 26624 S\u00fcdbrookmerland OT Georgsheil, Deutschland","breadcrumb":{"@id":"https:\/\/echtewerbung.de\/groja\/impressum\/#breadcrumb"},"inLanguage":"de","potentialAction":[{"@type":"ReadAction","target":["https:\/\/echtewerbung.de\/groja\/impressum\/"]}]},{"@type":"BreadcrumbList","@id":"https:\/\/echtewerbung.de\/groja\/impressum\/#breadcrumb","itemListElement":[{"@type":"ListItem","position":1,"name":"Startseite","item":"https:\/\/echtewerbung.de\/groja\/"},{"@type":"ListItem","position":2,"name":"Impressum"}]}]}},"_links":{"self":[{"href":"https:\/\/echtewerbung.de\/groja\/wp-json\/wp\/v2\/pages\/878"}],"collection":[{"href":"https:\/\/echtewerbung.de\/groja\/wp-json\/wp\/v2\/pages"}],"about":[{"href":"https:\/\/echtewerbung.de\/groja\/wp-json\/wp\/v2\/types\/page"}],"author":[{"embeddable":true,"href":"https:\/\/echtewerbung.de\/groja\/wp-json\/wp\/v2\/users\/1"}],"replies":[{"embeddable":true,"href":"https:\/\/echtewerbung.de\/groja\/wp-json\/wp\/v2\/comments?post=878"}],"version-history":[{"count":6,"href":"https:\/\/echtewerbung.de\/groja\/wp-json\/wp\/v2\/pages\/878\/revisions"}],"predecessor-version":[{"id":4844,"href":"https:\/\/echtewerbung.de\/groja\/wp-json\/wp\/v2\/pages\/878\/revisions\/4844"}],"wp:attachment":[{"href":"https:\/\/echtewerbung.de\/groja\/wp-json\/wp\/v2\/media?parent=878"}],"curies":[{"name":"wp","href":"https:\/\/api.w.org\/{rel}","templated":true}]}}