{"id":893,"date":"2020-06-26T08:30:11","date_gmt":"2020-06-26T06:30:11","guid":{"rendered":"https:\/\/echtewerbung.de\/groja\/?page_id=893"},"modified":"2020-10-05T10:51:10","modified_gmt":"2020-10-05T08:51:10","slug":"kontakt","status":"publish","type":"page","link":"https:\/\/echtewerbung.de\/groja\/kontakt\/","title":{"rendered":"Kontakt"},"content":{"rendered":"\t\t<div data-elementor-type=\"wp-page\" data-elementor-id=\"893\" class=\"elementor elementor-893\" data-elementor-settings=\"[]\">\n\t\t\t\t\t\t<div class=\"elementor-inner\">\n\t\t\t\t\t\t\t<div class=\"elementor-section-wrap\">\n\t\t\t\t\t\t\t<section class=\"elementor-section elementor-top-section elementor-element elementor-element-1a66946 elementor-section-full_width elementor-section-height-default elementor-section-height-default\" data-id=\"1a66946\" data-element_type=\"section\">\n\t\t\t\t\t\t<div class=\"elementor-container elementor-column-gap-no\">\n\t\t\t\t\t\t\t<div class=\"elementor-row\">\n\t\t\t\t\t<div class=\"elementor-column elementor-col-100 elementor-top-column elementor-element elementor-element-15081f0\" data-id=\"15081f0\" data-element_type=\"column\">\n\t\t\t<div class=\"elementor-column-wrap elementor-element-populated\">\n\t\t\t\t\t\t\t<div class=\"elementor-widget-wrap\">\n\t\t\t\t\t\t<div class=\"elementor-element elementor-element-3dbd691 elementor-widget elementor-widget-heading\" data-id=\"3dbd691\" data-element_type=\"widget\" data-widget_type=\"heading.default\">\n\t\t\t\t<div class=\"elementor-widget-container\">\n\t\t\t<h1 class=\"elementor-heading-title elementor-size-default\">Kontakt<\/h1>\t\t<\/div>\n\t\t\t\t<\/div>\n\t\t\t\t<div class=\"elementor-element elementor-element-7726faa elementor-pagination-position-outside elementor--h-position-center elementor--v-position-middle elementor-widget elementor-widget-slides\" data-id=\"7726faa\" data-element_type=\"widget\" data-settings=\"{&quot;navigation&quot;:&quot;dots&quot;,&quot;infinite&quot;:&quot;yes&quot;,&quot;transition&quot;:&quot;slide&quot;,&quot;transition_speed&quot;:500}\" data-widget_type=\"slides.default\">\n\t\t\t\t<div class=\"elementor-widget-container\">\n\t\t\t\t\t<div class=\"elementor-swiper\">\n\t\t\t<div class=\"elementor-slides-wrapper elementor-main-swiper swiper-container\" dir=\"ltr\" data-animation=\"\">\n\t\t\t\t<div class=\"swiper-wrapper elementor-slides\">\n\t\t\t\t\t\t\t\t\t\t<div class=\"elementor-repeater-item-0137e79 swiper-slide\"><div class=\"swiper-slide-bg\"><\/div><div class=\"swiper-slide-inner\" ><div class=\"swiper-slide-contents\"><\/div><\/div><\/div>\t\t\t\t<\/div>\n\t\t\t\t\t\t\t<\/div>\n\t\t<\/div>\n\t\t\t\t<\/div>\n\t\t\t\t<\/div>\n\t\t\t\t\t\t<\/div>\n\t\t\t\t\t<\/div>\n\t\t<\/div>\n\t\t\t\t\t\t\t\t<\/div>\n\t\t\t\t\t<\/div>\n\t\t<\/section>\n\t\t\t\t<section class=\"elementor-section elementor-top-section elementor-element elementor-element-47d1eff2 elementor-section-boxed elementor-section-height-default elementor-section-height-default\" data-id=\"47d1eff2\" data-element_type=\"section\">\n\t\t\t\t\t\t<div class=\"elementor-container elementor-column-gap-no\">\n\t\t\t\t\t\t\t<div class=\"elementor-row\">\n\t\t\t\t\t<div class=\"elementor-column elementor-col-100 elementor-top-column elementor-element elementor-element-14e975a4\" data-id=\"14e975a4\" data-element_type=\"column\">\n\t\t\t<div class=\"elementor-column-wrap elementor-element-populated\">\n\t\t\t\t\t\t\t<div class=\"elementor-widget-wrap\">\n\t\t\t\t\t\t<div class=\"elementor-element elementor-element-1a586fb8 elementor-align-left elementor-widget elementor-widget-breadcrumbs\" data-id=\"1a586fb8\" data-element_type=\"widget\" data-widget_type=\"breadcrumbs.default\">\n\t\t\t\t<div class=\"elementor-widget-container\">\n\t\t\t<span id=\"breadcrumbs\"><span><span><a href=\"https:\/\/echtewerbung.de\/groja\/\">Startseite<\/a><\/span><\/span>\t\t<\/div>\n\t\t\t\t<\/div>\n\t\t\t\t\t\t<\/div>\n\t\t\t\t\t<\/div>\n\t\t<\/div>\n\t\t\t\t\t\t\t\t<\/div>\n\t\t\t\t\t<\/div>\n\t\t<\/section>\n\t\t\t\t<section class=\"elementor-section elementor-top-section elementor-element elementor-element-7a8721a4 elementor-section-content-middle elementor-section-boxed elementor-section-height-default elementor-section-height-default\" data-id=\"7a8721a4\" data-element_type=\"section\">\n\t\t\t\t\t\t<div class=\"elementor-container elementor-column-gap-wider\">\n\t\t\t\t\t\t\t<div class=\"elementor-row\">\n\t\t\t\t\t<div class=\"elementor-column elementor-col-50 elementor-top-column elementor-element elementor-element-3fd57736\" data-id=\"3fd57736\" data-element_type=\"column\">\n\t\t\t<div class=\"elementor-column-wrap elementor-element-populated\">\n\t\t\t\t\t\t\t<div class=\"elementor-widget-wrap\">\n\t\t\t\t\t\t<div class=\"elementor-element elementor-element-9d78053 elementor-widget elementor-widget-heading\" data-id=\"9d78053\" data-element_type=\"widget\" data-widget_type=\"heading.default\">\n\t\t\t\t<div class=\"elementor-widget-container\">\n\t\t\t<h3 class=\"elementor-heading-title elementor-size-default\">Hier finden Sie uns<\/h3>\t\t<\/div>\n\t\t\t\t<\/div>\n\t\t\t\t<div class=\"elementor-element elementor-element-2263353c elementor-widget elementor-widget-heading\" data-id=\"2263353c\" data-element_type=\"widget\" data-widget_type=\"heading.default\">\n\t\t\t\t<div class=\"elementor-widget-container\">\n\t\t\t<h2 class=\"elementor-heading-title elementor-size-default\">Kontakt<\/h2>\t\t<\/div>\n\t\t\t\t<\/div>\n\t\t\t\t<div class=\"elementor-element elementor-element-f6b4d4a elementor-align-left contactdetails elementor-icon-list--layout-traditional elementor-list-item-link-full_width elementor-widget elementor-widget-icon-list\" data-id=\"f6b4d4a\" data-element_type=\"widget\" data-widget_type=\"icon-list.default\">\n\t\t\t\t<div class=\"elementor-widget-container\">\n\t\t\t\t\t<ul class=\"elementor-icon-list-items\">\n\t\t\t\t\t\t\t<li class=\"elementor-icon-list-item\">\n\t\t\t\t\t\t\t\t\t\t\t<span class=\"elementor-icon-list-icon\">\n\t\t\t\t\t\t\t<i aria-hidden=\"true\" class=\"fas fa-map-marker-alt\"><\/i>\t\t\t\t\t\t<\/span>\n\t\t\t\t\t\t\t\t\t\t<span class=\"elementor-icon-list-text\">GROEN & JANSSEN GmbH Kunststoffvertrieb<br> Gewerbestrasse 16<br>26624 S\u00fcdbrookmerland<\/span>\n\t\t\t\t\t\t\t\t\t<\/li>\n\t\t\t\t\t\t\t\t<li class=\"elementor-icon-list-item\">\n\t\t\t\t\t\t\t\t\t\t\t<span class=\"elementor-icon-list-icon\">\n\t\t\t\t\t\t\t<i aria-hidden=\"true\" class=\"far fa-clock\"><\/i>\t\t\t\t\t\t<\/span>\n\t\t\t\t\t\t\t\t\t\t<span class=\"elementor-icon-list-text\">Mo - Do 7:00 - 16:30 Uhr<br>Fr 7:00 - 16:15 Uhr<\/span>\n\t\t\t\t\t\t\t\t\t<\/li>\n\t\t\t\t\t\t\t\t<li class=\"elementor-icon-list-item\">\n\t\t\t\t\t\t\t\t\t\t\t<a href=\"mailto:info@groja.de\">\n\n\t\t\t\t\t\t\t\t\t\t\t\t<span class=\"elementor-icon-list-icon\">\n\t\t\t\t\t\t\t<i aria-hidden=\"true\" class=\"far fa-envelope\"><\/i>\t\t\t\t\t\t<\/span>\n\t\t\t\t\t\t\t\t\t\t<span class=\"elementor-icon-list-text\">info@groja.de<\/span>\n\t\t\t\t\t\t\t\t\t\t\t<\/a>\n\t\t\t\t\t\t\t\t\t<\/li>\n\t\t\t\t\t\t<\/ul>\n\t\t\t\t<\/div>\n\t\t\t\t<\/div>\n\t\t\t\t<div class=\"elementor-element elementor-element-624d663 e-grid-align-left elementor-shape-rounded elementor-grid-0 elementor-widget elementor-widget-social-icons\" data-id=\"624d663\" data-element_type=\"widget\" data-widget_type=\"social-icons.default\">\n\t\t\t\t<div class=\"elementor-widget-container\">\n\t\t\t\t\t<div class=\"elementor-social-icons-wrapper elementor-grid\">\n\t\t\t\t\t\t\t<span class=\"elementor-grid-item\">\n\t\t\t\t\t<a class=\"elementor-icon elementor-social-icon elementor-social-icon-facebook elementor-repeater-item-2788493\" href=\"https:\/\/www.facebook.com\/groja24\/\" target=\"_blank\">\n\t\t\t\t\t\t<span class=\"elementor-screen-only\">Facebook<\/span>\n\t\t\t\t\t\t<i class=\"fab fa-facebook\"><\/i>\t\t\t\t\t<\/a>\n\t\t\t\t<\/span>\n\t\t\t\t\t\t\t<span class=\"elementor-grid-item\">\n\t\t\t\t\t<a class=\"elementor-icon elementor-social-icon elementor-social-icon-instagram elementor-repeater-item-9885139\" href=\"https:\/\/www.instagram.com\/groja_kunststoffvertrieb\/\" target=\"_blank\">\n\t\t\t\t\t\t<span class=\"elementor-screen-only\">Instagram<\/span>\n\t\t\t\t\t\t<i class=\"fab fa-instagram\"><\/i>\t\t\t\t\t<\/a>\n\t\t\t\t<\/span>\n\t\t\t\t\t\t\t<span class=\"elementor-grid-item\">\n\t\t\t\t\t<a class=\"elementor-icon elementor-social-icon elementor-social-icon-pinterest elementor-repeater-item-3840fe5\" href=\"https:\/\/www.pinterest.de\/groja_kunststoffvertrieb\/\" target=\"_blank\">\n\t\t\t\t\t\t<span class=\"elementor-screen-only\">Pinterest<\/span>\n\t\t\t\t\t\t<i class=\"fab fa-pinterest\"><\/i>\t\t\t\t\t<\/a>\n\t\t\t\t<\/span>\n\t\t\t\t\t\t\t<span class=\"elementor-grid-item\">\n\t\t\t\t\t<a class=\"elementor-icon elementor-social-icon elementor-social-icon-xing elementor-repeater-item-e0a8c82\" href=\"https:\/\/www.xing.com\/companies\/groen&#038;janssengmbhkunststoffvertrieb\" target=\"_blank\">\n\t\t\t\t\t\t<span class=\"elementor-screen-only\">Xing<\/span>\n\t\t\t\t\t\t<i class=\"fab fa-xing\"><\/i>\t\t\t\t\t<\/a>\n\t\t\t\t<\/span>\n\t\t\t\t\t\t\t<span class=\"elementor-grid-item\">\n\t\t\t\t\t<a class=\"elementor-icon elementor-social-icon elementor-social-icon-youtube elementor-repeater-item-11cf156\" href=\"https:\/\/www.youtube.com\/channel\/UC1XF-Gho5_Y4yqB7ADFupvg\" target=\"_blank\">\n\t\t\t\t\t\t<span class=\"elementor-screen-only\">Youtube<\/span>\n\t\t\t\t\t\t<i class=\"fab fa-youtube\"><\/i>\t\t\t\t\t<\/a>\n\t\t\t\t<\/span>\n\t\t\t\t\t<\/div>\n\t\t\t\t<\/div>\n\t\t\t\t<\/div>\n\t\t\t\t\t\t<\/div>\n\t\t\t\t\t<\/div>\n\t\t<\/div>\n\t\t\t\t<div class=\"elementor-column elementor-col-50 elementor-top-column elementor-element elementor-element-133d5081\" data-id=\"133d5081\" data-element_type=\"column\">\n\t\t\t<div class=\"elementor-column-wrap elementor-element-populated\">\n\t\t\t\t\t\t\t<div class=\"elementor-widget-wrap\">\n\t\t\t\t\t\t<div class=\"elementor-element elementor-element-4860de9b elementor-widget elementor-widget-google_maps\" data-id=\"4860de9b\" data-element_type=\"widget\" data-widget_type=\"google_maps.default\">\n\t\t\t\t<div class=\"elementor-widget-container\">\n\t\t\t\t\t<div class=\"elementor-custom-embed\">\n\t\t\t<iframe frameborder=\"0\" scrolling=\"no\" marginheight=\"0\" marginwidth=\"0\"\n\t\t\t\t\tsrc=\"https:\/\/maps.google.com\/maps?q=GroJa%20Gewerbestrasse%2016%2026624%20S%C3%BCdbrookmerland&#038;t=m&#038;z=16&#038;output=embed&#038;iwloc=near\"\n\t\t\t\t\ttitle=\"GroJa Gewerbestrasse 16 26624 S\u00fcdbrookmerland\"\n\t\t\t\t\taria-label=\"GroJa Gewerbestrasse 16 26624 S\u00fcdbrookmerland\"\n\t\t\t><\/iframe>\n\t\t<\/div>\n\t\t\t\t<\/div>\n\t\t\t\t<\/div>\n\t\t\t\t\t\t<\/div>\n\t\t\t\t\t<\/div>\n\t\t<\/div>\n\t\t\t\t\t\t\t\t<\/div>\n\t\t\t\t\t<\/div>\n\t\t<\/section>\n\t\t\t\t<section class=\"elementor-section elementor-top-section elementor-element elementor-element-52abef9a elementor-section-boxed elementor-section-height-default elementor-section-height-default\" data-id=\"52abef9a\" data-element_type=\"section\">\n\t\t\t\t\t\t<div class=\"elementor-container elementor-column-gap-wider\">\n\t\t\t\t\t\t\t<div class=\"elementor-row\">\n\t\t\t\t\t<div class=\"elementor-column elementor-col-100 elementor-top-column elementor-element elementor-element-2c2ccc07\" data-id=\"2c2ccc07\" data-element_type=\"column\">\n\t\t\t<div class=\"elementor-column-wrap elementor-element-populated\">\n\t\t\t\t\t\t\t<div class=\"elementor-widget-wrap\">\n\t\t\t\t\t\t<div class=\"elementor-element elementor-element-70bebba1 subheadline elementor-widget elementor-widget-heading\" data-id=\"70bebba1\" data-element_type=\"widget\" data-widget_type=\"heading.default\">\n\t\t\t\t<div class=\"elementor-widget-container\">\n\t\t\t<h3 class=\"elementor-heading-title elementor-size-default\">Schreiben Sie uns!<\/h3>\t\t<\/div>\n\t\t\t\t<\/div>\n\t\t\t\t<div class=\"elementor-element elementor-element-3bd2b58a headline elementor-widget elementor-widget-heading\" data-id=\"3bd2b58a\" data-element_type=\"widget\" data-widget_type=\"heading.default\">\n\t\t\t\t<div class=\"elementor-widget-container\">\n\t\t\t<h2 class=\"elementor-heading-title elementor-size-default\">Haben Sie noch Fragen?<\/h2>\t\t<\/div>\n\t\t\t\t<\/div>\n\t\t\t\t<div class=\"elementor-element elementor-element-4e15c81 elementor-widget elementor-widget-shortcode\" data-id=\"4e15c81\" data-element_type=\"widget\" data-widget_type=\"shortcode.default\">\n\t\t\t\t<div class=\"elementor-widget-container\">\n\t\t\t\t\t<div class=\"elementor-shortcode\"><div role=\"form\" class=\"wpcf7\" id=\"wpcf7-f14-o1\" lang=\"de-DE\" dir=\"ltr\">\n<div class=\"screen-reader-response\"><p role=\"status\" aria-live=\"polite\" aria-atomic=\"true\"><\/p> <ul><\/ul><\/div>\n<form action=\"\/groja\/wp-json\/wp\/v2\/pages\/893#wpcf7-f14-o1\" method=\"post\" class=\"wpcf7-form init\" novalidate=\"novalidate\" data-status=\"init\">\n<div style=\"display: none;\">\n<input type=\"hidden\" name=\"_wpcf7\" value=\"14\" \/>\n<input type=\"hidden\" name=\"_wpcf7_version\" value=\"5.5.2\" \/>\n<input type=\"hidden\" name=\"_wpcf7_locale\" value=\"de_DE\" \/>\n<input type=\"hidden\" name=\"_wpcf7_unit_tag\" value=\"wpcf7-f14-o1\" \/>\n<input type=\"hidden\" name=\"_wpcf7_container_post\" value=\"0\" \/>\n<input type=\"hidden\" name=\"_wpcf7_posted_data_hash\" value=\"\" \/>\n<input type=\"hidden\" name=\"_wpcf7_recaptcha_response\" value=\"\" \/>\n<\/div>\n<small>Die mit * gekennzeichneten Felder sind Pflichtfelder.<\/small><br>\n<span class=\"wpcf7-form-control-wrap your-name\"><input type=\"text\" name=\"your-name\" value=\"\" size=\"40\" class=\"wpcf7-form-control wpcf7-text wpcf7-validates-as-required\" aria-required=\"true\" aria-invalid=\"false\" placeholder=\"Vorname*\" \/><\/span><span class=\"wpcf7-form-control-wrap last-name\"><input type=\"text\" name=\"last-name\" value=\"\" size=\"40\" class=\"wpcf7-form-control wpcf7-text wpcf7-validates-as-required\" aria-required=\"true\" aria-invalid=\"false\" placeholder=\"Nachname*\" \/><\/span><span class=\"wpcf7-form-control-wrap street\"><input type=\"text\" name=\"street\" value=\"\" size=\"40\" class=\"wpcf7-form-control wpcf7-text wpcf7-validates-as-required\" aria-required=\"true\" aria-invalid=\"false\" placeholder=\"Stra\u00dfe, Nr.*\" \/><\/span><span class=\"wpcf7-form-control-wrap plz\"><input type=\"text\" name=\"plz\" value=\"\" size=\"40\" class=\"wpcf7-form-control wpcf7-text wpcf7-validates-as-required\" aria-required=\"true\" aria-invalid=\"false\" placeholder=\"PLZ*\" \/><\/span><span class=\"wpcf7-form-control-wrap ort\"><input type=\"text\" name=\"ort\" value=\"\" size=\"40\" class=\"wpcf7-form-control wpcf7-text wpcf7-validates-as-required\" aria-required=\"true\" aria-invalid=\"false\" placeholder=\"Ort*\" \/><\/span><span class=\"wpcf7-form-control-wrap your-email\"><input type=\"email\" name=\"your-email\" value=\"\" size=\"40\" class=\"wpcf7-form-control wpcf7-text wpcf7-email wpcf7-validates-as-required wpcf7-validates-as-email\" aria-required=\"true\" aria-invalid=\"false\" placeholder=\"E-Mail-Adresse*\" \/><\/span><span class=\"wpcf7-form-control-wrap your-tel\"><input type=\"tel\" name=\"your-tel\" value=\"\" size=\"40\" class=\"wpcf7-form-control wpcf7-text wpcf7-tel wpcf7-validates-as-required wpcf7-validates-as-tel\" aria-required=\"true\" aria-invalid=\"false\" placeholder=\"Telefon-Nr.:*\" \/><\/span><span class=\"wpcf7-form-control-wrap quelle\"><select name=\"quelle\" class=\"wpcf7-form-control wpcf7-select wpcf7-validates-as-required\" aria-required=\"true\" aria-invalid=\"false\"><option value=\"Wie sind Sie auf uns aufmerksam geworden?*\">Wie sind Sie auf uns aufmerksam geworden?*<\/option><option value=\"Empfehlung\">Empfehlung<\/option><option value=\"Internet\">Internet<\/option><option value=\"Social Media\">Social Media<\/option><option value=\"Zeitung\">Zeitung<\/option><option value=\"Sonstiges (bitte in der Nachricht erg\u00e4nzen)\">Sonstiges (bitte in der Nachricht erg\u00e4nzen)<\/option><\/select><\/span><span class=\"wpcf7-form-control-wrap thema\"><select name=\"thema\" class=\"wpcf7-form-control wpcf7-select wpcf7-validates-as-required\" aria-required=\"true\" aria-invalid=\"false\"><option value=\"Thema w\u00e4hlen*\">Thema w\u00e4hlen*<\/option><option value=\"Kontakt\">Kontakt<\/option><option value=\"R\u00fcckruf\">R\u00fcckruf<\/option><option value=\"Sonstiges\">Sonstiges<\/option><\/select><\/span><span class=\"wpcf7-form-control-wrap your-message\"><textarea name=\"your-message\" cols=\"40\" rows=\"10\" class=\"wpcf7-form-control wpcf7-textarea wpcf7-validates-as-required\" aria-required=\"true\" aria-invalid=\"false\" placeholder=\"Ihre Nachricht*\"><\/textarea><\/span><a href=\"\/datenschutz\" target=\"_blank\">Datenschutzerkl\u00e4rung*<\/a>\n<span class=\"wpcf7-form-control-wrap datenschutzerklaerung\"><span class=\"wpcf7-form-control wpcf7-checkbox wpcf7-validates-as-required\"><span class=\"wpcf7-list-item first last\"><input type=\"checkbox\" name=\"datenschutzerklaerung[]\" value=\"Ich habe die Datenschutzerkl\u00e4rung gelesen und akzeptiere sie.\" \/><span class=\"wpcf7-list-item-label\">Ich habe die Datenschutzerkl\u00e4rung gelesen und akzeptiere sie.<\/span><\/span><\/span><\/span><span class=\"wpcf7-form-control-wrap recaptcha\" data-name=\"recaptcha\"><span data-sitekey=\"6LfpJ9IZAAAAAEX5GGI9uQi0Qc19x-jMQaICisgi\" class=\"wpcf7-form-control g-recaptcha wpcf7-recaptcha\"><\/span>\r\n<noscript>\r\n\t<div class=\"grecaptcha-noscript\">\r\n\t\t<iframe loading=\"lazy\" src=\"https:\/\/www.google.com\/recaptcha\/api\/fallback?k=6LfpJ9IZAAAAAEX5GGI9uQi0Qc19x-jMQaICisgi\" frameborder=\"0\" scrolling=\"no\" width=\"310\" height=\"430\">\r\n\t\t<\/iframe>\r\n\t\t<textarea name=\"g-recaptcha-response\" rows=\"3\" cols=\"40\" placeholder=\"reCaptcha Response Here\">\r\n\t\t<\/textarea>\r\n\t<\/div>\r\n<\/noscript>\r\n<\/span><input type=\"submit\" value=\"Senden\" class=\"wpcf7-form-control has-spinner wpcf7-submit\" \/><div class=\"wpcf7-response-output\" aria-hidden=\"true\"><\/div><\/form><\/div><\/div>\n\t\t\t\t<\/div>\n\t\t\t\t<\/div>\n\t\t\t\t\t\t<\/div>\n\t\t\t\t\t<\/div>\n\t\t<\/div>\n\t\t\t\t\t\t\t\t<\/div>\n\t\t\t\t\t<\/div>\n\t\t<\/section>\n\t\t\t\t\t\t<\/div>\n\t\t\t\t\t\t<\/div>\n\t\t\t\t\t<\/div>\n\t\t","protected":false},"excerpt":{"rendered":"<p>Kontakt Hier finden Sie uns GROEN &#038; JANSSEN GmbH Kunststoffvertrieb Gewerbestrasse 1626624 S\u00fcdbrookmerland Mo &#8211; Do 7:00 &#8211; 16:30 UhrFr 7:00 &#8211; 16:15 Uhr info@groja.de Facebook Instagram Pinterest Xing Youtube Mit dem Laden der Karte akzeptieren Sie die Datenschutzerkl\u00e4rung von Google.Mehr erfahren Karte laden Google Maps immer entsperren Schreiben Sie uns! Haben Sie noch Fragen?<\/p>\n","protected":false},"author":1,"featured_media":0,"parent":0,"menu_order":61,"comment_status":"closed","ping_status":"closed","template":"elementor_header_footer","meta":[],"yoast_head":"<!-- This site is optimized with the Yoast SEO plugin v19.4 - https:\/\/yoast.com\/wordpress\/plugins\/seo\/ -->\n<title>Kontakt | Groen &amp; Janssen GmbH Kunststoffvertrieb<\/title>\n<meta name=\"description\" content=\"Hier finden Sie uns - Nehmen Sie gerne Kontakt mit uns auf. Alle Kontaktdaten von Groen &amp; Janssen GmbH Kunststoffvertrieb auf einem Blick.\" \/>\n<meta name=\"robots\" content=\"noindex, follow\" \/>\n<meta property=\"og:locale\" content=\"de_DE\" \/>\n<meta property=\"og:type\" content=\"article\" \/>\n<meta property=\"og:title\" content=\"Kontakt | Groen &amp; Janssen GmbH Kunststoffvertrieb\" \/>\n<meta property=\"og:description\" content=\"Hier finden Sie uns - Nehmen Sie gerne Kontakt mit uns auf. Alle Kontaktdaten von Groen &amp; Janssen GmbH Kunststoffvertrieb auf einem Blick.\" \/>\n<meta property=\"og:url\" content=\"https:\/\/echtewerbung.de\/groja\/kontakt\/\" \/>\n<meta property=\"og:site_name\" content=\"GroJa\" \/>\n<meta property=\"article:publisher\" content=\"https:\/\/www.facebook.com\/groja24\/\" \/>\n<meta property=\"article:modified_time\" content=\"2020-10-05T08:51:10+00:00\" \/>\n<meta name=\"twitter:card\" content=\"summary_large_image\" \/>\n<script type=\"application\/ld+json\" class=\"yoast-schema-graph\">{\"@context\":\"https:\/\/schema.org\",\"@graph\":[{\"@type\":\"Organization\",\"@id\":\"https:\/\/echtewerbung.de\/groja\/#organization\",\"name\":\"Groen & Janssen GmbH Kunststoffvertrieb\",\"url\":\"https:\/\/echtewerbung.de\/groja\/\",\"sameAs\":[\"https:\/\/www.instagram.com\/groja_kunststoffvertrieb\/\",\"https:\/\/www.pinterest.de\/groja_kunststoffvertrieb\/\",\"https:\/\/www.youtube.com\/channel\/UC1XF-Gho5_Y4yqB7ADFupvg\",\"https:\/\/www.facebook.com\/groja24\/\"],\"logo\":{\"@type\":\"ImageObject\",\"inLanguage\":\"de\",\"@id\":\"https:\/\/echtewerbung.de\/groja\/#\/schema\/logo\/image\/\",\"url\":\"https:\/\/echtewerbung.de\/groja\/wp-content\/uploads\/2020\/06\/GroJa-LOGO.svg\",\"contentUrl\":\"https:\/\/echtewerbung.de\/groja\/wp-content\/uploads\/2020\/06\/GroJa-LOGO.svg\",\"caption\":\"Groen & Janssen GmbH Kunststoffvertrieb\"},\"image\":{\"@id\":\"https:\/\/echtewerbung.de\/groja\/#\/schema\/logo\/image\/\"}},{\"@type\":\"WebSite\",\"@id\":\"https:\/\/echtewerbung.de\/groja\/#website\",\"url\":\"https:\/\/echtewerbung.de\/groja\/\",\"name\":\"GroJa\",\"description\":\"Wettergepr\u00fcfte Qualit\u00e4t f\u00fcr Haus und Garten\",\"publisher\":{\"@id\":\"https:\/\/echtewerbung.de\/groja\/#organization\"},\"potentialAction\":[{\"@type\":\"SearchAction\",\"target\":{\"@type\":\"EntryPoint\",\"urlTemplate\":\"https:\/\/echtewerbung.de\/groja\/?s={search_term_string}\"},\"query-input\":\"required name=search_term_string\"}],\"inLanguage\":\"de\"},{\"@type\":\"WebPage\",\"@id\":\"https:\/\/echtewerbung.de\/groja\/kontakt\/\",\"url\":\"https:\/\/echtewerbung.de\/groja\/kontakt\/\",\"name\":\"Kontakt | Groen & Janssen GmbH Kunststoffvertrieb\",\"isPartOf\":{\"@id\":\"https:\/\/echtewerbung.de\/groja\/#website\"},\"datePublished\":\"2020-06-26T06:30:11+00:00\",\"dateModified\":\"2020-10-05T08:51:10+00:00\",\"description\":\"Hier finden Sie uns - Nehmen Sie gerne Kontakt mit uns auf. Alle Kontaktdaten von Groen & Janssen GmbH Kunststoffvertrieb auf einem Blick.\",\"breadcrumb\":{\"@id\":\"https:\/\/echtewerbung.de\/groja\/kontakt\/#breadcrumb\"},\"inLanguage\":\"de\",\"potentialAction\":[{\"@type\":\"ReadAction\",\"target\":[\"https:\/\/echtewerbung.de\/groja\/kontakt\/\"]}]},{\"@type\":\"BreadcrumbList\",\"@id\":\"https:\/\/echtewerbung.de\/groja\/kontakt\/#breadcrumb\",\"itemListElement\":[{\"@type\":\"ListItem\",\"position\":1,\"name\":\"Startseite\",\"item\":\"https:\/\/echtewerbung.de\/groja\/\"},{\"@type\":\"ListItem\",\"position\":2,\"name\":\"Kontakt\"}]}]}<\/script>\n<!-- \/ Yoast SEO plugin. -->","yoast_head_json":{"title":"Kontakt | Groen & Janssen GmbH Kunststoffvertrieb","description":"Hier finden Sie uns - Nehmen Sie gerne Kontakt mit uns auf. Alle Kontaktdaten von Groen & Janssen GmbH Kunststoffvertrieb auf einem Blick.","robots":{"index":"noindex","follow":"follow"},"og_locale":"de_DE","og_type":"article","og_title":"Kontakt | Groen & Janssen GmbH Kunststoffvertrieb","og_description":"Hier finden Sie uns - Nehmen Sie gerne Kontakt mit uns auf. Alle Kontaktdaten von Groen & Janssen GmbH Kunststoffvertrieb auf einem Blick.","og_url":"https:\/\/echtewerbung.de\/groja\/kontakt\/","og_site_name":"GroJa","article_publisher":"https:\/\/www.facebook.com\/groja24\/","article_modified_time":"2020-10-05T08:51:10+00:00","twitter_card":"summary_large_image","schema":{"@context":"https:\/\/schema.org","@graph":[{"@type":"Organization","@id":"https:\/\/echtewerbung.de\/groja\/#organization","name":"Groen & Janssen GmbH Kunststoffvertrieb","url":"https:\/\/echtewerbung.de\/groja\/","sameAs":["https:\/\/www.instagram.com\/groja_kunststoffvertrieb\/","https:\/\/www.pinterest.de\/groja_kunststoffvertrieb\/","https:\/\/www.youtube.com\/channel\/UC1XF-Gho5_Y4yqB7ADFupvg","https:\/\/www.facebook.com\/groja24\/"],"logo":{"@type":"ImageObject","inLanguage":"de","@id":"https:\/\/echtewerbung.de\/groja\/#\/schema\/logo\/image\/","url":"https:\/\/echtewerbung.de\/groja\/wp-content\/uploads\/2020\/06\/GroJa-LOGO.svg","contentUrl":"https:\/\/echtewerbung.de\/groja\/wp-content\/uploads\/2020\/06\/GroJa-LOGO.svg","caption":"Groen & Janssen GmbH Kunststoffvertrieb"},"image":{"@id":"https:\/\/echtewerbung.de\/groja\/#\/schema\/logo\/image\/"}},{"@type":"WebSite","@id":"https:\/\/echtewerbung.de\/groja\/#website","url":"https:\/\/echtewerbung.de\/groja\/","name":"GroJa","description":"Wettergepr\u00fcfte Qualit\u00e4t f\u00fcr Haus und Garten","publisher":{"@id":"https:\/\/echtewerbung.de\/groja\/#organization"},"potentialAction":[{"@type":"SearchAction","target":{"@type":"EntryPoint","urlTemplate":"https:\/\/echtewerbung.de\/groja\/?s={search_term_string}"},"query-input":"required name=search_term_string"}],"inLanguage":"de"},{"@type":"WebPage","@id":"https:\/\/echtewerbung.de\/groja\/kontakt\/","url":"https:\/\/echtewerbung.de\/groja\/kontakt\/","name":"Kontakt | Groen & Janssen GmbH Kunststoffvertrieb","isPartOf":{"@id":"https:\/\/echtewerbung.de\/groja\/#website"},"datePublished":"2020-06-26T06:30:11+00:00","dateModified":"2020-10-05T08:51:10+00:00","description":"Hier finden Sie uns - Nehmen Sie gerne Kontakt mit uns auf. Alle Kontaktdaten von Groen & Janssen GmbH Kunststoffvertrieb auf einem Blick.","breadcrumb":{"@id":"https:\/\/echtewerbung.de\/groja\/kontakt\/#breadcrumb"},"inLanguage":"de","potentialAction":[{"@type":"ReadAction","target":["https:\/\/echtewerbung.de\/groja\/kontakt\/"]}]},{"@type":"BreadcrumbList","@id":"https:\/\/echtewerbung.de\/groja\/kontakt\/#breadcrumb","itemListElement":[{"@type":"ListItem","position":1,"name":"Startseite","item":"https:\/\/echtewerbung.de\/groja\/"},{"@type":"ListItem","position":2,"name":"Kontakt"}]}]}},"_links":{"self":[{"href":"https:\/\/echtewerbung.de\/groja\/wp-json\/wp\/v2\/pages\/893"}],"collection":[{"href":"https:\/\/echtewerbung.de\/groja\/wp-json\/wp\/v2\/pages"}],"about":[{"href":"https:\/\/echtewerbung.de\/groja\/wp-json\/wp\/v2\/types\/page"}],"author":[{"embeddable":true,"href":"https:\/\/echtewerbung.de\/groja\/wp-json\/wp\/v2\/users\/1"}],"replies":[{"embeddable":true,"href":"https:\/\/echtewerbung.de\/groja\/wp-json\/wp\/v2\/comments?post=893"}],"version-history":[{"count":10,"href":"https:\/\/echtewerbung.de\/groja\/wp-json\/wp\/v2\/pages\/893\/revisions"}],"predecessor-version":[{"id":4842,"href":"https:\/\/echtewerbung.de\/groja\/wp-json\/wp\/v2\/pages\/893\/revisions\/4842"}],"wp:attachment":[{"href":"https:\/\/echtewerbung.de\/groja\/wp-json\/wp\/v2\/media?parent=893"}],"curies":[{"name":"wp","href":"https:\/\/api.w.org\/{rel}","templated":true}]}}