{"id":484,"date":"2019-02-27T13:00:06","date_gmt":"2019-02-27T12:00:06","guid":{"rendered":"https:\/\/echtewerbung.de\/ulpts\/?page_id=484"},"modified":"2020-07-06T09:24:20","modified_gmt":"2020-07-06T07:24:20","slug":"impressum","status":"publish","type":"page","link":"https:\/\/echtewerbung.de\/ulpts\/enger-kontakt\/impressum\/","title":{"rendered":"Impressum"},"content":{"rendered":"\t\t<div data-elementor-type=\"wp-post\" data-elementor-id=\"484\" class=\"elementor elementor-484\">\n\t\t\t\t\t\t<div class=\"elementor-inner\">\n\t\t\t\t<div class=\"elementor-section-wrap\">\n\t\t\t\t\t\t\t\t\t<section class=\"elementor-section elementor-top-section elementor-element elementor-element-1aca8049 elementor-section-boxed elementor-section-height-default elementor-section-height-default\" data-id=\"1aca8049\" data-element_type=\"section\">\n\t\t\t\t\t\t<div class=\"elementor-container elementor-column-gap-wider\">\n\t\t\t\t\t\t\t<div class=\"elementor-row\">\n\t\t\t\t\t<div class=\"elementor-column elementor-col-50 elementor-top-column elementor-element elementor-element-2e00041d\" data-id=\"2e00041d\" data-element_type=\"column\">\n\t\t\t<div class=\"elementor-column-wrap\">\n\t\t\t\t\t\t\t<div class=\"elementor-widget-wrap\">\n\t\t\t\t\t\t\t\t<\/div>\n\t\t\t\t\t<\/div>\n\t\t<\/div>\n\t\t\t\t<div class=\"elementor-column elementor-col-50 elementor-top-column elementor-element elementor-element-17fd7a74\" data-id=\"17fd7a74\" data-element_type=\"column\" data-settings=\"{&quot;background_background&quot;:&quot;classic&quot;}\">\n\t\t\t<div class=\"elementor-column-wrap elementor-element-populated\">\n\t\t\t\t\t\t\t<div class=\"elementor-widget-wrap\">\n\t\t\t\t\t\t<div class=\"elementor-element elementor-element-31bb7ac9 elementor-widget elementor-widget-heading\" data-id=\"31bb7ac9\" data-element_type=\"widget\" data-widget_type=\"heading.default\">\n\t\t\t\t<div class=\"elementor-widget-container\">\n\t\t\t<h1 class=\"elementor-heading-title elementor-size-default\">Impressum<\/h1>\t\t<\/div>\n\t\t\t\t<\/div>\n\t\t\t\t<section class=\"elementor-section elementor-inner-section elementor-element elementor-element-3f06b46 elementor-section-full_width elementor-section-height-default elementor-section-height-default\" data-id=\"3f06b46\" data-element_type=\"section\">\n\t\t\t\t\t\t<div class=\"elementor-container elementor-column-gap-default\">\n\t\t\t\t\t\t\t<div class=\"elementor-row\">\n\t\t\t\t\t<div class=\"elementor-column elementor-col-25 elementor-inner-column elementor-element elementor-element-1e1e3fe\" data-id=\"1e1e3fe\" data-element_type=\"column\">\n\t\t\t<div class=\"elementor-column-wrap elementor-element-populated\">\n\t\t\t\t\t\t\t<div class=\"elementor-widget-wrap\">\n\t\t\t\t\t\t<div class=\"elementor-element elementor-element-270a885 elementor-widget elementor-widget-text-editor\" data-id=\"270a885\" data-element_type=\"widget\" data-widget_type=\"text-editor.default\">\n\t\t\t\t<div class=\"elementor-widget-container\">\n\t\t\t\t\t\t\t\t<div class=\"elementor-text-editor elementor-clearfix\">\n\t\t\t\t<p><strong>Ulpts Architekten GmbH<\/strong><br \/>L\u00fcchtenburger Weg 12-14<br \/>26603 Aurich<\/p><p>\u00a0<\/p><p><strong>Vertreten durch die Gesch\u00e4ftsf\u00fchrer:<br \/><\/strong>Herrn Dipl.-Ing. Architekt BDA Marten Ulpts<br \/>Herrn Dipl.-Ing. (FH) Architekt Olaf Kwade<\/p><p>\u00a0<\/p><p><strong>Kontakt<\/strong><br \/>Telefon: +49 (0) 4941 9524 0<br \/>Telefax: +49 (0) 4941 9524 24<br \/>E-Mail: <a href=\"mailto:mail@architekt-ulpts.de\">mail[at]architekt-ulpts.de<\/a><\/p>\t\t\t\t\t<\/div>\n\t\t\t\t\t\t<\/div>\n\t\t\t\t<\/div>\n\t\t\t\t\t\t<\/div>\n\t\t\t\t\t<\/div>\n\t\t<\/div>\n\t\t\t\t<div class=\"elementor-column elementor-col-25 elementor-inner-column elementor-element elementor-element-0dc676b\" data-id=\"0dc676b\" data-element_type=\"column\">\n\t\t\t<div class=\"elementor-column-wrap elementor-element-populated\">\n\t\t\t\t\t\t\t<div class=\"elementor-widget-wrap\">\n\t\t\t\t\t\t<div class=\"elementor-element elementor-element-716434b elementor-widget elementor-widget-text-editor\" data-id=\"716434b\" data-element_type=\"widget\" data-widget_type=\"text-editor.default\">\n\t\t\t\t<div class=\"elementor-widget-container\">\n\t\t\t\t\t\t\t\t<div class=\"elementor-text-editor elementor-clearfix\">\n\t\t\t\t<p><strong>Registereintrag:<\/strong><br \/>Eintragung im Handelsregister<\/p><p>\u00a0<\/p><p><strong>Registergericht:<\/strong><br \/>Amtsgericht Aurich<br \/>Gesellschaftsliste der Architektenkammer Niedersachsen unter GL 203<\/p><p>\u00a0<\/p><p><strong>Registernummer:<\/strong><br \/>HRB 203859<\/p>\t\t\t\t\t<\/div>\n\t\t\t\t\t\t<\/div>\n\t\t\t\t<\/div>\n\t\t\t\t\t\t<\/div>\n\t\t\t\t\t<\/div>\n\t\t<\/div>\n\t\t\t\t<div class=\"elementor-column elementor-col-25 elementor-inner-column elementor-element elementor-element-019ff29\" data-id=\"019ff29\" data-element_type=\"column\">\n\t\t\t<div class=\"elementor-column-wrap elementor-element-populated\">\n\t\t\t\t\t\t\t<div class=\"elementor-widget-wrap\">\n\t\t\t\t\t\t<div class=\"elementor-element elementor-element-16d7768 elementor-widget elementor-widget-text-editor\" data-id=\"16d7768\" data-element_type=\"widget\" data-widget_type=\"text-editor.default\">\n\t\t\t\t<div class=\"elementor-widget-container\">\n\t\t\t\t\t\t\t\t<div class=\"elementor-text-editor elementor-clearfix\">\n\t\t\t\t<p><strong>Umsatzsteuer:<\/strong><\/p><p>Umsatzsteuer-Identifikationsnummer gem\u00e4\u00df \u00a727 a Umsatzsteuergesetz:<br \/>DE 306751281<\/p><p>\u00a0<\/p><p><strong>Fotos<\/strong><br \/>Tobias Trapp <a href=\"https:\/\/www.tobiastrapp.eu\/\" target=\"_blank\" rel=\"noopener\">https:\/\/www.tobiastrapp.eu<\/a><\/p>\t\t\t\t\t<\/div>\n\t\t\t\t\t\t<\/div>\n\t\t\t\t<\/div>\n\t\t\t\t\t\t<\/div>\n\t\t\t\t\t<\/div>\n\t\t<\/div>\n\t\t\t\t<div class=\"elementor-column elementor-col-25 elementor-inner-column elementor-element elementor-element-563cc8e\" data-id=\"563cc8e\" data-element_type=\"column\">\n\t\t\t<div class=\"elementor-column-wrap elementor-element-populated\">\n\t\t\t\t\t\t\t<div class=\"elementor-widget-wrap\">\n\t\t\t\t\t\t<div class=\"elementor-element elementor-element-661e35e elementor-widget elementor-widget-image\" data-id=\"661e35e\" data-element_type=\"widget\" data-widget_type=\"image.default\">\n\t\t\t\t<div class=\"elementor-widget-container\">\n\t\t\t\t\t\t\t\t<div class=\"elementor-image\">\n\t\t\t\t\t\t\t\t\t\t\t\t\t<a href=\"https:\/\/designstuuv.de\" target=\"_blank\">\n\t\t\t\t\t\t\t<img width=\"400\" height=\"370\" src=\"https:\/\/echtewerbung.de\/ulpts\/wp-content\/uploads\/2020\/06\/login-logo.png\" class=\"attachment-large size-large\" alt=\"\" loading=\"lazy\" srcset=\"https:\/\/echtewerbung.de\/ulpts\/wp-content\/uploads\/2020\/06\/login-logo.png 400w, https:\/\/echtewerbung.de\/ulpts\/wp-content\/uploads\/2020\/06\/login-logo-300x278.png 300w\" sizes=\"(max-width: 34.9rem) calc(100vw - 2rem), (max-width: 53rem) calc(8 * (100vw \/ 12)), (min-width: 53rem) calc(6 * (100vw \/ 12)), 100vw\" \/>\t\t\t\t\t\t\t\t<\/a>\n\t\t\t\t\t\t\t\t\t\t\t\t\t\t<\/div>\n\t\t\t\t\t\t<\/div>\n\t\t\t\t<\/div>\n\t\t\t\t<div class=\"elementor-element elementor-element-87d71bc elementor-widget elementor-widget-text-editor\" data-id=\"87d71bc\" data-element_type=\"widget\" data-widget_type=\"text-editor.default\">\n\t\t\t\t<div class=\"elementor-widget-container\">\n\t\t\t\t\t\t\t\t<div class=\"elementor-text-editor elementor-clearfix\">\n\t\t\t\t<p><strong>Konzeption | Gestaltung | Programmierung<\/strong><\/p><p>DESIGNSTUUV Werbeagentur<br \/>GmbH &amp; Co. KG<\/p><p><a href=\"https:\/\/designstuuv.de\/\" target=\"_blank\" rel=\"noopener\">www.designstuuv.de<\/a><\/p>\t\t\t\t\t<\/div>\n\t\t\t\t\t\t<\/div>\n\t\t\t\t<\/div>\n\t\t\t\t\t\t<\/div>\n\t\t\t\t\t<\/div>\n\t\t<\/div>\n\t\t\t\t\t\t\t\t<\/div>\n\t\t\t\t\t<\/div>\n\t\t<\/section>\n\t\t\t\t<div class=\"elementor-element elementor-element-6e5d7e9b elementor-widget elementor-widget-text-editor\" data-id=\"6e5d7e9b\" data-element_type=\"widget\" data-widget_type=\"text-editor.default\">\n\t\t\t\t<div class=\"elementor-widget-container\">\n\t\t\t\t\t\t\t\t<div class=\"elementor-text-editor elementor-clearfix\">\n\t\t\t\t<p><strong>Angaben gem\u00e4\u00df \u00a75 TMG<\/strong><\/p><p><strong>Berufsbezeichnung und berufsrechtliche Regelungen<\/strong><\/p><p>Die Berufsbezeichnung \u201eArchitekt\/Architekten\u201c\u00a0wurde verliehen durch die\u00a0zust\u00e4ndige Architektenkammer Niedersachsen in der Bundesrepublik Deutschland.<\/p><p>Architektenkammer Niedersachsen<br \/>Friedrichswall 5<br \/>30159 Hannover<\/p><p>Der Architekt Marten Ulpts ist zudem Mitglied der Architektenkammer Niedersachsen und dem\u00a0<a href=\"http:\/\/www.bda-bund.de\/\">Bund Deutscher Architekten<\/a>. Marten Ulpts ist seit 2010 unter Nummer EL 18847 in die Architektenliste der Architektenkammer Niedersachsen eingetragen.<br \/>Der Architekt Olaf Kwade ist Mitglied der Architektenkammer Niedersachsen. Olaf Kwade ist seit 2013 unter Nummer EL 19562 in die Architektenliste der Architektenkammer Niedersachsen eingetragen.<br \/>F\u00fcr die T\u00e4tigkeit von Architekten in Niedersachsen gilt das Nieders\u00e4chsisches Architektengesetz (NArchtG) sowie die Honorarordnung f\u00fcr Architekten und Ingenieure (HOAI).<br \/>Das Nieders\u00e4chsische Architektengesetz ist einsehbar unter:\u00a0<a href=\"http:\/\/www.nds-voris.de\/jportal\/portal\/t\/cxg\/page\/bsvorisprod.psml?pid=Dokumentanzeige&amp;showdoccase=1&amp;js_peid=Trefferliste&amp;fromdoctodoc=yes&amp;doc.id=jlr-ArchGND2017rahmen&amp;doc.part=X&amp;doc.price=0.0#focuspoint\">http:\/\/www.nds-voris.de<\/a><\/p><p>Informationen zur Honorarordnung f\u00fcr Architekten und Ingenieure (HOAI i.d.F. vom 07.06.2013) finden Sie hier:\u00a0<a href=\"https:\/\/www.gesetze-im-internet.de\/hoai_2013\/index.html\">https:\/\/www.gesetze-im-internet.de\/hoai_2013\/index.html<\/a><\/p><p>\u00a0<\/p><p><strong>Angaben zur Berufshaftpflichtversicherung<\/strong><\/p><p>Axa Versicherung AG<br \/>Postfach 920134<br \/>51151 K\u00f6ln<\/p><p>Geltungsraum der Versicherung ist Deutschland<\/p><p><strong>Streitschlichtung<\/strong><\/p><p>Die Europ\u00e4ische Kommission stellt eine Plattform zur Online-Streitbeilegung (OS) bereit: <a href=\"https:\/\/ec.europa.eu\/consumers\/odr\" target=\"_blank\" rel=\"noopener\">https:\/\/ec.europa.eu\/consumers\/odr<\/a>.<br \/>Unsere E-Mail-Adresse finden Sie oben im Impressum.<\/p><p>Wir sind nicht bereit oder verpflichtet, an Streitbeilegungsverfahren vor einer Verbraucherschlichtungsstelle teilzunehmen.<\/p><p>\u00a0<\/p><p><strong>Haftung f\u00fcr Inhalte<\/strong><\/p><p>Als Diensteanbieter sind wir gem\u00e4\u00df \u00a7 7 Abs.1 TMG f\u00fcr eigene Inhalte auf diesen Seiten nach den allgemeinen Gesetzen verantwortlich. Nach \u00a7\u00a7 8 bis 10 TMG sind wir als Diensteanbieter jedoch nicht verpflichtet, \u00fcbermittelte oder gespeicherte fremde Informationen zu \u00fcberwachen oder nach Umst\u00e4nden zu forschen, die auf eine rechtswidrige T\u00e4tigkeit hinweisen.<\/p><p>Verpflichtungen zur Entfernung oder Sperrung der Nutzung von Informationen nach den allgemeinen Gesetzen bleiben hiervon unber\u00fchrt. Eine diesbez\u00fcgliche Haftung ist jedoch erst ab dem Zeitpunkt der Kenntnis einer konkreten Rechtsverletzung m\u00f6glich. Bei Bekanntwerden von entsprechenden Rechtsverletzungen werden wir diese Inhalte umgehend entfernen.<\/p><p>\u00a0<\/p><p><strong>Haftung f\u00fcr Links<\/strong><\/p><p>Unser Angebot enth\u00e4lt Links zu externen Websites Dritter, auf deren Inhalte wir keinen Einfluss haben. Deshalb k\u00f6nnen wir f\u00fcr diese fremden Inhalte auch keine Gew\u00e4hr \u00fcbernehmen. F\u00fcr die Inhalte der verlinkten Seiten ist stets der jeweilige Anbieter oder Betreiber der Seiten verantwortlich. Die verlinkten Seiten wurden zum Zeitpunkt der Verlinkung auf m\u00f6gliche Rechtsverst\u00f6\u00dfe \u00fcberpr\u00fcft. Rechtswidrige Inhalte waren zum Zeitpunkt der Verlinkung nicht erkennbar.<\/p><p>Eine permanente inhaltliche Kontrolle der verlinkten Seiten ist jedoch ohne konkrete Anhaltspunkte einer Rechtsverletzung nicht zumutbar. Bei Bekanntwerden von Rechtsverletzungen werden wir derartige Links umgehend entfernen.<\/p><p>\u00a0<\/p><p><strong>Urheberrecht<\/strong><\/p><p>Die durch die Seitenbetreiber erstellten Inhalte und Werke auf diesen Seiten unterliegen dem deutschen Urheberrecht. Die Vervielf\u00e4ltigung, Bearbeitung, Verbreitung und jede Art der Verwertung au\u00dferhalb der Grenzen des Urheberrechtes bed\u00fcrfen der schriftlichen Zustimmung des jeweiligen Autors bzw. Erstellers. Downloads und Kopien dieser Seite sind nur f\u00fcr den privaten, nicht kommerziellen Gebrauch gestattet.<\/p><p>Soweit die Inhalte auf dieser Seite nicht vom Betreiber erstellt wurden, werden die Urheberrechte Dritter beachtet. Insbesondere werden Inhalte Dritter als solche gekennzeichnet. Sollten Sie trotzdem auf eine Urheberrechtsverletzung aufmerksam werden, bitten wir um einen entsprechenden Hinweis. Bei Bekanntwerden von Rechtsverletzungen werden wir derartige Inhalte umgehend entfernen.<\/p>\t\t\t\t\t<\/div>\n\t\t\t\t\t\t<\/div>\n\t\t\t\t<\/div>\n\t\t\t\t\t\t<\/div>\n\t\t\t\t\t<\/div>\n\t\t<\/div>\n\t\t\t\t\t\t\t\t<\/div>\n\t\t\t\t\t<\/div>\n\t\t<\/section>\n\t\t\t\t\t\t\t\t\t<\/div>\n\t\t\t<\/div>\n\t\t\t\t\t<\/div>\n\t\t","protected":false},"excerpt":{"rendered":"<p>Impressum Ulpts Architekten GmbHL\u00fcchtenburger Weg 12-1426603 Aurich \u00a0 Vertreten durch die Gesch\u00e4ftsf\u00fchrer:Herrn Dipl.-Ing. Architekt BDA Marten UlptsHerrn Dipl.-Ing. (FH) Architekt Olaf Kwade \u00a0 KontaktTelefon: +49 (0) 4941 9524 0Telefax: +49 (0) 4941 9524 24E-Mail: mail[at]architekt-ulpts.de Registereintrag:Eintragung im Handelsregister \u00a0 Registergericht:Amtsgericht AurichGesellschaftsliste der Architektenkammer Niedersachsen unter GL 203 \u00a0 Registernummer:HRB 203859 Umsatzsteuer: Umsatzsteuer-Identifikationsnummer gem\u00e4\u00df \u00a727 a [&hellip;]<\/p>\n","protected":false},"author":1,"featured_media":0,"parent":279,"menu_order":16,"comment_status":"closed","ping_status":"closed","template":"elementor_header_footer","meta":[],"yoast_head":"<!-- This site is optimized with the Yoast SEO plugin v19.2 - https:\/\/yoast.com\/wordpress\/plugins\/seo\/ -->\n<title>Impressum | Ulpts Architekten GmbH<\/title>\n<meta name=\"robots\" content=\"noindex, follow, max-snippet:-1, max-image-preview:large, max-video-preview:-1\" \/>\n<meta property=\"og:locale\" content=\"de_DE\" \/>\n<meta property=\"og:type\" content=\"article\" \/>\n<meta property=\"og:title\" content=\"Impressum | Ulpts Architekten GmbH\" \/>\n<meta property=\"og:description\" content=\"Impressum Ulpts Architekten GmbHL\u00fcchtenburger Weg 12-1426603 Aurich \u00a0 Vertreten durch die Gesch\u00e4ftsf\u00fchrer:Herrn Dipl.-Ing. Architekt BDA Marten UlptsHerrn Dipl.-Ing. (FH) Architekt Olaf Kwade \u00a0 KontaktTelefon: +49 (0) 4941 9524 0Telefax: +49 (0) 4941 9524 24E-Mail: mail[at]architekt-ulpts.de Registereintrag:Eintragung im Handelsregister \u00a0 Registergericht:Amtsgericht AurichGesellschaftsliste der Architektenkammer Niedersachsen unter GL 203 \u00a0 Registernummer:HRB 203859 Umsatzsteuer: Umsatzsteuer-Identifikationsnummer gem\u00e4\u00df \u00a727 a [&hellip;]\" \/>\n<meta property=\"og:url\" content=\"https:\/\/echtewerbung.de\/ulpts\/enger-kontakt\/impressum\/\" \/>\n<meta property=\"og:site_name\" content=\"Ulpts Architekten GmbH\" \/>\n<meta property=\"article:modified_time\" content=\"2020-07-06T07:24:20+00:00\" \/>\n<meta property=\"og:image\" content=\"https:\/\/echtewerbung.de\/ulpts\/wp-content\/uploads\/2020\/06\/login-logo.png\" \/>\n<meta name=\"author\" content=\"Designstuuv\" \/>\n<meta name=\"twitter:card\" content=\"summary_large_image\" \/>\n<meta name=\"twitter:label1\" content=\"Gesch\u00e4tzte Lesezeit\" \/>\n\t<meta name=\"twitter:data1\" content=\"3\u00a0Minuten\" \/>\n<script type=\"application\/ld+json\" class=\"yoast-schema-graph\">{\"@context\":\"https:\/\/schema.org\",\"@graph\":[{\"@type\":\"Organization\",\"@id\":\"https:\/\/echtewerbung.de\/ulpts\/#organization\",\"name\":\"Ulpts Architekten GmbH\",\"url\":\"https:\/\/echtewerbung.de\/ulpts\/\",\"sameAs\":[],\"logo\":{\"@type\":\"ImageObject\",\"inLanguage\":\"de\",\"@id\":\"https:\/\/echtewerbung.de\/ulpts\/#\/schema\/logo\/image\/\",\"url\":\"https:\/\/echtewerbung.de\/ulpts\/wp-content\/uploads\/2019\/02\/ulpts-logo-web-200px.png\",\"contentUrl\":\"https:\/\/echtewerbung.de\/ulpts\/wp-content\/uploads\/2019\/02\/ulpts-logo-web-200px.png\",\"width\":200,\"height\":128,\"caption\":\"Ulpts Architekten GmbH\"},\"image\":{\"@id\":\"https:\/\/echtewerbung.de\/ulpts\/#\/schema\/logo\/image\/\"}},{\"@type\":\"WebSite\",\"@id\":\"https:\/\/echtewerbung.de\/ulpts\/#website\",\"url\":\"https:\/\/echtewerbung.de\/ulpts\/\",\"name\":\"Ulpts Architekten GmbH\",\"description\":\"Architekten - Ingenieure - Generalplaner\",\"publisher\":{\"@id\":\"https:\/\/echtewerbung.de\/ulpts\/#organization\"},\"potentialAction\":[{\"@type\":\"SearchAction\",\"target\":{\"@type\":\"EntryPoint\",\"urlTemplate\":\"https:\/\/echtewerbung.de\/ulpts\/?s={search_term_string}\"},\"query-input\":\"required name=search_term_string\"}],\"inLanguage\":\"de\"},{\"@type\":\"ImageObject\",\"inLanguage\":\"de\",\"@id\":\"https:\/\/echtewerbung.de\/ulpts\/enger-kontakt\/impressum\/#primaryimage\",\"url\":\"https:\/\/echtewerbung.de\/ulpts\/wp-content\/uploads\/2020\/06\/login-logo.png\",\"contentUrl\":\"https:\/\/echtewerbung.de\/ulpts\/wp-content\/uploads\/2020\/06\/login-logo.png\",\"width\":400,\"height\":370},{\"@type\":\"WebPage\",\"@id\":\"https:\/\/echtewerbung.de\/ulpts\/enger-kontakt\/impressum\/#webpage\",\"url\":\"https:\/\/echtewerbung.de\/ulpts\/enger-kontakt\/impressum\/\",\"name\":\"Impressum | Ulpts Architekten GmbH\",\"isPartOf\":{\"@id\":\"https:\/\/echtewerbung.de\/ulpts\/#website\"},\"primaryImageOfPage\":{\"@id\":\"https:\/\/echtewerbung.de\/ulpts\/enger-kontakt\/impressum\/#primaryimage\"},\"datePublished\":\"2019-02-27T12:00:06+00:00\",\"dateModified\":\"2020-07-06T07:24:20+00:00\",\"breadcrumb\":{\"@id\":\"https:\/\/echtewerbung.de\/ulpts\/enger-kontakt\/impressum\/#breadcrumb\"},\"inLanguage\":\"de\",\"potentialAction\":[{\"@type\":\"ReadAction\",\"target\":[\"https:\/\/echtewerbung.de\/ulpts\/enger-kontakt\/impressum\/\"]}]},{\"@type\":\"BreadcrumbList\",\"@id\":\"https:\/\/echtewerbung.de\/ulpts\/enger-kontakt\/impressum\/#breadcrumb\",\"itemListElement\":[{\"@type\":\"ListItem\",\"position\":1,\"name\":\"Startseite\",\"item\":\"https:\/\/echtewerbung.de\/ulpts\/\"},{\"@type\":\"ListItem\",\"position\":2,\"name\":\"Enger&nbsp;Kontakt\",\"item\":\"https:\/\/echtewerbung.de\/ulpts\/enger-kontakt\/\"},{\"@type\":\"ListItem\",\"position\":3,\"name\":\"Impressum\"}]}]}<\/script>\n<!-- \/ Yoast SEO plugin. -->","yoast_head_json":{"title":"Impressum | Ulpts Architekten GmbH","robots":{"index":"noindex","follow":"follow","max-snippet":"max-snippet:-1","max-image-preview":"max-image-preview:large","max-video-preview":"max-video-preview:-1"},"og_locale":"de_DE","og_type":"article","og_title":"Impressum | Ulpts Architekten GmbH","og_description":"Impressum Ulpts Architekten GmbHL\u00fcchtenburger Weg 12-1426603 Aurich \u00a0 Vertreten durch die Gesch\u00e4ftsf\u00fchrer:Herrn Dipl.-Ing. Architekt BDA Marten UlptsHerrn Dipl.-Ing. (FH) Architekt Olaf Kwade \u00a0 KontaktTelefon: +49 (0) 4941 9524 0Telefax: +49 (0) 4941 9524 24E-Mail: mail[at]architekt-ulpts.de Registereintrag:Eintragung im Handelsregister \u00a0 Registergericht:Amtsgericht AurichGesellschaftsliste der Architektenkammer Niedersachsen unter GL 203 \u00a0 Registernummer:HRB 203859 Umsatzsteuer: Umsatzsteuer-Identifikationsnummer gem\u00e4\u00df \u00a727 a [&hellip;]","og_url":"https:\/\/echtewerbung.de\/ulpts\/enger-kontakt\/impressum\/","og_site_name":"Ulpts Architekten GmbH","article_modified_time":"2020-07-06T07:24:20+00:00","og_image":[{"url":"https:\/\/echtewerbung.de\/ulpts\/wp-content\/uploads\/2020\/06\/login-logo.png"}],"author":"Designstuuv","twitter_card":"summary_large_image","twitter_misc":{"Gesch\u00e4tzte Lesezeit":"3\u00a0Minuten"},"schema":{"@context":"https:\/\/schema.org","@graph":[{"@type":"Organization","@id":"https:\/\/echtewerbung.de\/ulpts\/#organization","name":"Ulpts Architekten GmbH","url":"https:\/\/echtewerbung.de\/ulpts\/","sameAs":[],"logo":{"@type":"ImageObject","inLanguage":"de","@id":"https:\/\/echtewerbung.de\/ulpts\/#\/schema\/logo\/image\/","url":"https:\/\/echtewerbung.de\/ulpts\/wp-content\/uploads\/2019\/02\/ulpts-logo-web-200px.png","contentUrl":"https:\/\/echtewerbung.de\/ulpts\/wp-content\/uploads\/2019\/02\/ulpts-logo-web-200px.png","width":200,"height":128,"caption":"Ulpts Architekten GmbH"},"image":{"@id":"https:\/\/echtewerbung.de\/ulpts\/#\/schema\/logo\/image\/"}},{"@type":"WebSite","@id":"https:\/\/echtewerbung.de\/ulpts\/#website","url":"https:\/\/echtewerbung.de\/ulpts\/","name":"Ulpts Architekten GmbH","description":"Architekten - Ingenieure - Generalplaner","publisher":{"@id":"https:\/\/echtewerbung.de\/ulpts\/#organization"},"potentialAction":[{"@type":"SearchAction","target":{"@type":"EntryPoint","urlTemplate":"https:\/\/echtewerbung.de\/ulpts\/?s={search_term_string}"},"query-input":"required name=search_term_string"}],"inLanguage":"de"},{"@type":"ImageObject","inLanguage":"de","@id":"https:\/\/echtewerbung.de\/ulpts\/enger-kontakt\/impressum\/#primaryimage","url":"https:\/\/echtewerbung.de\/ulpts\/wp-content\/uploads\/2020\/06\/login-logo.png","contentUrl":"https:\/\/echtewerbung.de\/ulpts\/wp-content\/uploads\/2020\/06\/login-logo.png","width":400,"height":370},{"@type":"WebPage","@id":"https:\/\/echtewerbung.de\/ulpts\/enger-kontakt\/impressum\/#webpage","url":"https:\/\/echtewerbung.de\/ulpts\/enger-kontakt\/impressum\/","name":"Impressum | Ulpts Architekten GmbH","isPartOf":{"@id":"https:\/\/echtewerbung.de\/ulpts\/#website"},"primaryImageOfPage":{"@id":"https:\/\/echtewerbung.de\/ulpts\/enger-kontakt\/impressum\/#primaryimage"},"datePublished":"2019-02-27T12:00:06+00:00","dateModified":"2020-07-06T07:24:20+00:00","breadcrumb":{"@id":"https:\/\/echtewerbung.de\/ulpts\/enger-kontakt\/impressum\/#breadcrumb"},"inLanguage":"de","potentialAction":[{"@type":"ReadAction","target":["https:\/\/echtewerbung.de\/ulpts\/enger-kontakt\/impressum\/"]}]},{"@type":"BreadcrumbList","@id":"https:\/\/echtewerbung.de\/ulpts\/enger-kontakt\/impressum\/#breadcrumb","itemListElement":[{"@type":"ListItem","position":1,"name":"Startseite","item":"https:\/\/echtewerbung.de\/ulpts\/"},{"@type":"ListItem","position":2,"name":"Enger&nbsp;Kontakt","item":"https:\/\/echtewerbung.de\/ulpts\/enger-kontakt\/"},{"@type":"ListItem","position":3,"name":"Impressum"}]}]}},"_links":{"self":[{"href":"https:\/\/echtewerbung.de\/ulpts\/wp-json\/wp\/v2\/pages\/484"}],"collection":[{"href":"https:\/\/echtewerbung.de\/ulpts\/wp-json\/wp\/v2\/pages"}],"about":[{"href":"https:\/\/echtewerbung.de\/ulpts\/wp-json\/wp\/v2\/types\/page"}],"author":[{"embeddable":true,"href":"https:\/\/echtewerbung.de\/ulpts\/wp-json\/wp\/v2\/users\/1"}],"replies":[{"embeddable":true,"href":"https:\/\/echtewerbung.de\/ulpts\/wp-json\/wp\/v2\/comments?post=484"}],"version-history":[{"count":10,"href":"https:\/\/echtewerbung.de\/ulpts\/wp-json\/wp\/v2\/pages\/484\/revisions"}],"predecessor-version":[{"id":1687,"href":"https:\/\/echtewerbung.de\/ulpts\/wp-json\/wp\/v2\/pages\/484\/revisions\/1687"}],"up":[{"embeddable":true,"href":"https:\/\/echtewerbung.de\/ulpts\/wp-json\/wp\/v2\/pages\/279"}],"wp:attachment":[{"href":"https:\/\/echtewerbung.de\/ulpts\/wp-json\/wp\/v2\/media?parent=484"}],"curies":[{"name":"wp","href":"https:\/\/api.w.org\/{rel}","templated":true}]}}